{"id":14339,"date":"2021-05-16T18:28:02","date_gmt":"2021-05-16T18:28:02","guid":{"rendered":"http:\/\/ahoussou.segoor.net\/projects\/hamaarys\/?page_id=14339"},"modified":"2021-08-06T13:49:09","modified_gmt":"2021-08-06T13:49:09","slug":"qaqc","status":"publish","type":"page","link":"https:\/\/hamaarys.net\/index.php\/qaqc\/","title":{"rendered":"ASSURANCE QUALIT\u00c9 &#038; CONTR\u00d4LE QUALIT\u00c9 (QaQc)"},"content":{"rendered":"\t\t<div data-elementor-type=\"wp-page\" data-elementor-id=\"14339\" class=\"elementor elementor-14339\" data-elementor-settings=\"[]\">\n\t\t\t\t\t\t\t<div class=\"elementor-section-wrap\">\n\t\t\t\t\t\t\t<section class=\"elementor-section elementor-top-section elementor-element elementor-element-4a64cbf elementor-section-stretched elementor-section-boxed elementor-section-height-default elementor-section-height-default\" data-id=\"4a64cbf\" data-element_type=\"section\" data-settings=\"{&quot;stretch_section&quot;:&quot;section-stretched&quot;}\">\n\t\t\t\t\t\t<div class=\"elementor-container elementor-column-gap-default\">\n\t\t\t\t\t<div class=\"elementor-column elementor-col-100 elementor-top-column elementor-element elementor-element-44c6580\" data-id=\"44c6580\" data-element_type=\"column\">\n\t\t\t<div class=\"elementor-widget-wrap elementor-element-populated\">\n\t\t\t\t\t\t\t\t<div class=\"elementor-element elementor-element-15e8923 elementor-widget elementor-widget-rs-heading\" data-id=\"15e8923\" data-element_type=\"widget\" data-widget_type=\"rs-heading.default\">\n\t\t\t\t<div class=\"elementor-widget-container\">\n\t\t\t        <div class=\"rs-heading style4 center \">\r\n        \t<div class=\"title-inner\">\r\n        \t\t      \t\t\r\n\t            <span class=\"sub-text\">Liste des prestestations &amp; services<\/span><h3 class=\"title\"><span class=\"watermark\"><\/span>Assurance Qualit\u00e9 &amp; Contr\u00f4le Qualit\u00e9 (QaQc)<\/h3>\t        <\/div>\r\n\t                <\/div>\r\n\r\n        \t\t<\/div>\n\t\t\t\t<\/div>\n\t\t\t\t\t<\/div>\n\t\t<\/div>\n\t\t\t\t\t\t\t<\/div>\n\t\t<\/section>\n\t\t\t\t<section class=\"elementor-section elementor-top-section elementor-element elementor-element-9a73649 elementor-section-boxed elementor-section-height-default elementor-section-height-default\" data-id=\"9a73649\" data-element_type=\"section\">\n\t\t\t\t\t\t<div class=\"elementor-container elementor-column-gap-default\">\n\t\t\t\t\t<div class=\"elementor-column elementor-col-50 elementor-top-column elementor-element elementor-element-661ae25\" data-id=\"661ae25\" data-element_type=\"column\">\n\t\t\t<div class=\"elementor-widget-wrap elementor-element-populated\">\n\t\t\t\t\t\t\t\t<div class=\"elementor-element elementor-element-8bb494e elementor-widget elementor-widget-image\" data-id=\"8bb494e\" data-element_type=\"widget\" data-widget_type=\"image.default\">\n\t\t\t\t<div class=\"elementor-widget-container\">\n\t\t\t\t\t\t\t\t\t\t\t\t\t\t\t<img loading=\"lazy\" decoding=\"async\" width=\"1200\" height=\"670\" src=\"https:\/\/hamaarys.net\/wp-content\/uploads\/2020\/11\/blog5-3.jpg\" class=\"attachment-full size-full\" alt=\"\" srcset=\"https:\/\/hamaarys.net\/wp-content\/uploads\/2020\/11\/blog5-3.jpg 1200w, https:\/\/hamaarys.net\/wp-content\/uploads\/2020\/11\/blog5-3-600x335.jpg 600w, https:\/\/hamaarys.net\/wp-content\/uploads\/2020\/11\/blog5-3-300x168.jpg 300w, https:\/\/hamaarys.net\/wp-content\/uploads\/2020\/11\/blog5-3-1024x572.jpg 1024w, https:\/\/hamaarys.net\/wp-content\/uploads\/2020\/11\/blog5-3-768x429.jpg 768w\" sizes=\"auto, (max-width: 1200px) 100vw, 1200px\" \/>\t\t\t\t\t\t\t\t\t\t\t\t\t\t\t<\/div>\n\t\t\t\t<\/div>\n\t\t\t\t<section class=\"elementor-section elementor-inner-section elementor-element elementor-element-1baecde elementor-section-boxed elementor-section-height-default elementor-section-height-default\" data-id=\"1baecde\" data-element_type=\"section\">\n\t\t\t\t\t\t<div class=\"elementor-container elementor-column-gap-default\">\n\t\t\t\t\t<div class=\"elementor-column elementor-col-100 elementor-inner-column elementor-element elementor-element-169b2b0\" data-id=\"169b2b0\" data-element_type=\"column\">\n\t\t\t<div class=\"elementor-widget-wrap elementor-element-populated\">\n\t\t\t\t\t\t\t\t<div class=\"elementor-element elementor-element-987fed2 elementor-drop-cap-yes elementor-drop-cap-view-default elementor-widget elementor-widget-text-editor\" data-id=\"987fed2\" data-element_type=\"widget\" data-settings=\"{&quot;drop_cap&quot;:&quot;yes&quot;}\" data-widget_type=\"text-editor.default\">\n\t\t\t\t<div class=\"elementor-widget-container\">\n\t\t\t\t\t\t\t\t<p align=\"justify\"><span lang=\"fr-CI\">Dans une entreprise industrielle le contr\u00f4le qualit\u00e9 se concentre principalement sur les op\u00e9rations et ce qui a \u00e9t\u00e9 fabriqu\u00e9, ce qui diff\u00e8re de l\u2019assurance qualit\u00e9. <\/span><span lang=\"fr-CI\">En th\u00e9orie l\u2019assurance qualit\u00e9 implique des approches proactives qui ont pour but d\u2019emp\u00eacher la fabrication de produits non conformes. Le contr\u00f4le qualit\u00e9, <\/span><span lang=\"fr-CI\">quant \u00e0 lui, implique des approches r\u00e9actives destin\u00e9es \u00e0 identifier de potentielles non-conformit\u00e9s par le biais d\u2019inspections et de m\u00e9canismes de tests. <\/span><span lang=\"fr-CI\">En pratique, l\u2019assurance qualit\u00e9 se rapporte au d\u00e9veloppement de r\u00e8gles destin\u00e9es \u00e0 garantir la qualit\u00e9 d\u2019un produit, et le contr\u00f4le qualit\u00e9 est l\u2019examen de ce dernier en fonction de ces m\u00eames r\u00e8gles.<\/span><\/p><p align=\"justify\">Hamaarys dispose d&#8217;ing\u00e9nieurs et techniciens qualifi\u00e9s et exp\u00e9riment\u00e9s pour assistance technique et une expertise de pointe adapt\u00e9es \u00e0 tous besoins<\/p>\t\t\t\t\t\t<\/div>\n\t\t\t\t<\/div>\n\t\t\t\t\t<\/div>\n\t\t<\/div>\n\t\t\t\t\t\t\t<\/div>\n\t\t<\/section>\n\t\t\t\t\t<\/div>\n\t\t<\/div>\n\t\t\t\t<div class=\"elementor-column elementor-col-50 elementor-top-column elementor-element elementor-element-3441577 bs-sidebar dynamic-sidebar\" data-id=\"3441577\" data-element_type=\"column\">\n\t\t\t<div class=\"elementor-widget-wrap elementor-element-populated\">\n\t\t\t\t\t\t\t\t<div class=\"elementor-element elementor-element-e3afce9 elementor-widget elementor-widget-sidebar\" data-id=\"e3afce9\" data-element_type=\"widget\" data-widget_type=\"sidebar.default\">\n\t\t\t\t<div class=\"elementor-widget-container\">\n\t\t\t<div id=\"nav_menu-1\" class=\"service-singles widget widget_nav_menu\"><div class=\"menu-services-container\"><ul id=\"menu-services\" class=\"menu\"><li id=\"menu-item-14935\" class=\"menu-item menu-item-type-post_type menu-item-object-page menu-item-14935\"><a href=\"https:\/\/hamaarys.net\/index.php\/inspections-controletechnique\/\">INSPECTIONS, CONTR\u00d4LES CND, TECHNIQUES &#038; R\u00c9GLEMENTAIRES<\/a><\/li>\n<li id=\"menu-item-14936\" class=\"menu-item menu-item-type-post_type menu-item-object-page menu-item-14936\"><a href=\"https:\/\/hamaarys.net\/index.php\/ingenierie-industrielle\/\">ING\u00c9NIERIE INDUSTRIELLE<\/a><\/li>\n<li id=\"menu-item-14937\" class=\"menu-item menu-item-type-post_type menu-item-object-page menu-item-14937\"><a href=\"https:\/\/hamaarys.net\/index.php\/expertises-techniques-hse\/\">EXPERTISES TECHNIQUES &#038; HSE<\/a><\/li>\n<li id=\"menu-item-14938\" class=\"menu-item menu-item-type-post_type menu-item-object-page menu-item-14938\"><a href=\"https:\/\/hamaarys.net\/index.php\/qaqc\/\">ASSURANCE QUALIT\u00c9 &#038; CONTR\u00d4LE QUALIT\u00c9 (QaQc)<\/a><\/li>\n<li id=\"menu-item-14939\" class=\"menu-item menu-item-type-post_type menu-item-object-page menu-item-14939\"><a href=\"https:\/\/hamaarys.net\/index.php\/maintenances\/\">MAINTENANCES &#038; CONSTRUCTIONS INDUSTRIELLES<\/a><\/li>\n<\/ul><\/div><\/div>\t\t<\/div>\n\t\t\t\t<\/div>\n\t\t\t\t<section class=\"elementor-section elementor-inner-section elementor-element elementor-element-f98cf65 elementor-section-boxed elementor-section-height-default elementor-section-height-default\" data-id=\"f98cf65\" data-element_type=\"section\">\n\t\t\t\t\t\t<div class=\"elementor-container elementor-column-gap-default\">\n\t\t\t\t\t<div class=\"elementor-column elementor-col-100 elementor-inner-column elementor-element elementor-element-5fc2368\" data-id=\"5fc2368\" data-element_type=\"column\" data-settings=\"{&quot;background_background&quot;:&quot;classic&quot;}\">\n\t\t\t<div class=\"elementor-widget-wrap elementor-element-populated\">\n\t\t\t\t\t\t\t\t<div class=\"elementor-element elementor-element-45b26bc phones elementor-widget elementor-widget-rs-contact-box\" data-id=\"45b26bc\" data-element_type=\"widget\" data-widget_type=\"rs-contact-box.default\">\n\t\t\t\t<div class=\"elementor-widget-container\">\n\t\t\t\t\t\r\n\r\n\t\t<!-- Style 1 Start -->\r\n\t\t<div class=\"rs-contact-box\">\r\n\r\n\t\t\t\t\t\t<div class=\"address-item vertical boxstyle1\">\r\n\r\n\t\t\t\t\t\t\t            <div class=\"address-icon\">\r\n\t\t            \t\t\t            \t\t<i class=\"fa fa-phone\"><\/i>\r\n\t\t            \t\t\t            <\/div>\r\n\t\t            \r\n\t\t            <div class=\"address-text\">\r\n\t\t            \t\r\n\r\n\t\t            \t\r\n\r\n\t\t            \t\t\t            <\/div>\r\n\t\t        <\/div>\r\n\t\t\t\t\t<\/div>\r\n\r\n\t<!-- Style 1 End -->\t\r\n\t\t\r\n\t\t\t<\/div>\n\t\t\t\t<\/div>\n\t\t\t\t<div class=\"elementor-element elementor-element-98963f0 elementor-widget elementor-widget-heading\" data-id=\"98963f0\" data-element_type=\"widget\" data-widget_type=\"heading.default\">\n\t\t\t\t<div class=\"elementor-widget-container\">\n\t\t\t<h2 class=\"elementor-heading-title elementor-size-default\">Avez vous des questions?\nContactez nous ! <\/h2>\t\t<\/div>\n\t\t\t\t<\/div>\n\t\t\t\t<div class=\"elementor-element elementor-element-77b7f75 elementor-widget elementor-widget-heading\" data-id=\"77b7f75\" data-element_type=\"widget\" data-widget_type=\"heading.default\">\n\t\t\t\t<div class=\"elementor-widget-container\">\n\t\t\t<h2 class=\"elementor-heading-title elementor-size-default\">(+225) 0566333246<\/h2>\t\t<\/div>\n\t\t\t\t<\/div>\n\t\t\t\t\t<\/div>\n\t\t<\/div>\n\t\t\t\t\t\t\t<\/div>\n\t\t<\/section>\n\t\t\t\t\t<\/div>\n\t\t<\/div>\n\t\t\t\t\t\t\t<\/div>\n\t\t<\/section>\n\t\t\t\t<section class=\"elementor-section elementor-inner-section elementor-element elementor-element-23e0f88b elementor-section-boxed elementor-section-height-default elementor-section-height-default\" data-id=\"23e0f88b\" data-element_type=\"section\">\n\t\t\t\t\t\t<div class=\"elementor-container elementor-column-gap-default\">\n\t\t\t\t\t<div class=\"elementor-column elementor-col-100 elementor-inner-column elementor-element elementor-element-52270b32\" data-id=\"52270b32\" data-element_type=\"column\">\n\t\t\t<div class=\"elementor-widget-wrap elementor-element-populated\">\n\t\t\t\t\t\t\t\t<div class=\"elementor-element elementor-element-1221941e elementor-widget elementor-widget-rs-service-slider\" data-id=\"1221941e\" data-element_type=\"widget\" data-widget_type=\"rs-service-slider.default\">\n\t\t\t\t<div class=\"elementor-widget-container\">\n\t\t\t\r\n\r\n\r\n            <div class=\"rsaddon-unique-slider\">\r\n                <div id=\"rsaddon-slick-slider-22848\" class=\"rs-addon-slider rs-services-slider services-style1\">                   \r\n                        \r\n                                                        <div class=\"grid-item \">\r\n                                    <div  class=\"rs-service-slider\">\r\n                                        <div class=\"service-img\">\r\n                                            <a href=\"\" ><img decoding=\"async\" class=\"rs-grid-img\" src=\"https:\/\/hamaarys.net\/wp-content\/uploads\/2021\/05\/qaqc8.jpg\" title=\"QaQc proc\u00e9dures qualit\u00e9 et autres\" alt=\"QaQc proc\u00e9dures qualit\u00e9 et autres\"><\/a>\r\n                                        <\/div>\r\n                                                                                                                                    <div class=\"service-title\">\r\n                                                    <a href=\"\" ><h6 class=\"title\"> QaQc proc\u00e9dures qualit\u00e9 et autres<\/h6><\/a>                               \r\n                                                <\/div>\r\n                                                                                                                                                                <\/div>\r\n                                <\/div>           \r\n                                                            <div class=\"grid-item \">\r\n                                    <div  class=\"rs-service-slider\">\r\n                                        <div class=\"service-img\">\r\n                                            <a href=\"\" ><img decoding=\"async\" class=\"rs-grid-img\" src=\"https:\/\/hamaarys.net\/wp-content\/uploads\/2021\/05\/qaqc6.jpg\" title=\"QaQc Travaux topographique laborantin\" alt=\"QaQc Travaux topographique laborantin\"><\/a>\r\n                                        <\/div>\r\n                                                                                                                                    <div class=\"service-title\">\r\n                                                    <a href=\"\" ><h6 class=\"title\"> QaQc Travaux topographique laborantin<\/h6><\/a>                               \r\n                                                <\/div>\r\n                                                                                                                                                                <\/div>\r\n                                <\/div>           \r\n                                                            <div class=\"grid-item \">\r\n                                    <div  class=\"rs-service-slider\">\r\n                                        <div class=\"service-img\">\r\n                                            <a href=\"\" ><img decoding=\"async\" class=\"rs-grid-img\" src=\"https:\/\/hamaarys.net\/wp-content\/uploads\/2021\/05\/qaqc2.jpg\" title=\"QaQc instrumentations\" alt=\"QaQc instrumentations\"><\/a>\r\n                                        <\/div>\r\n                                                                                                                                    <div class=\"service-title\">\r\n                                                    <a href=\"\" ><h6 class=\"title\"> QaQc instrumentations<\/h6><\/a>                               \r\n                                                <\/div>\r\n                                                                                                                                                                <\/div>\r\n                                <\/div>           \r\n                                                            <div class=\"grid-item \">\r\n                                    <div  class=\"rs-service-slider\">\r\n                                        <div class=\"service-img\">\r\n                                            <a href=\"\" ><img decoding=\"async\" class=\"rs-grid-img\" src=\"https:\/\/hamaarys.net\/wp-content\/uploads\/2021\/05\/qaqc9.jpg\" title=\"QaQc agroalimentaire laborantin\" alt=\"QaQc agroalimentaire laborantin\"><\/a>\r\n                                        <\/div>\r\n                                                                                                                                    <div class=\"service-title\">\r\n                                                    <a href=\"\" ><h6 class=\"title\"> QaQc agroalimentaire laborantin<\/h6><\/a>                               \r\n                                                <\/div>\r\n                                                                                                                                                                <\/div>\r\n                                <\/div>           \r\n                                                            <div class=\"grid-item \">\r\n                                    <div  class=\"rs-service-slider\">\r\n                                        <div class=\"service-img\">\r\n                                            <a href=\"\" ><img decoding=\"async\" class=\"rs-grid-img\" src=\"https:\/\/hamaarys.net\/wp-content\/uploads\/2021\/05\/qaqc7.jpg\" title=\"QaQc g\u00e9nie civil et batiment\" alt=\"QaQc g\u00e9nie civil et batiment\"><\/a>\r\n                                        <\/div>\r\n                                                                                                                                    <div class=\"service-title\">\r\n                                                    <a href=\"\" ><h6 class=\"title\"> QaQc g\u00e9nie civil et batiment<\/h6><\/a>                               \r\n                                                <\/div>\r\n                                                                                                                                                                <\/div>\r\n                                <\/div>           \r\n                                                            <div class=\"grid-item \">\r\n                                    <div  class=\"rs-service-slider\">\r\n                                        <div class=\"service-img\">\r\n                                            <a href=\"\" ><img decoding=\"async\" class=\"rs-grid-img\" src=\"https:\/\/hamaarys.net\/wp-content\/uploads\/2021\/05\/qaqc12.jpg\" title=\"QAQC Tuyauteries\/Piping API 571, ASME B31.1, ASME B31.3\" alt=\"QAQC Tuyauteries\/Piping API 571, ASME B31.1, ASME B31.3\"><\/a>\r\n                                        <\/div>\r\n                                                                                                                                    <div class=\"service-title\">\r\n                                                    <a href=\"\" ><h6 class=\"title\"> QAQC Tuyauteries\/Piping API 571, ASME B31.1, ASME B31.3<\/h6><\/a>                               \r\n                                                <\/div>\r\n                                                                                                                                                                <\/div>\r\n                                <\/div>           \r\n                                                  \r\n                <\/div>\r\n                <div class=\"rsaddon-slider-conf wpsisac-hide\" data-conf=\"{&quot;slidesToShow&quot;:&quot;3&quot;,&quot;autoplaySpeed&quot;:3000,&quot;interval&quot;:3000,&quot;slidesToScroll&quot;:2,&quot;slider_autoplay&quot;:&quot;true&quot;,&quot;pauseOnHover&quot;:&quot;true&quot;,&quot;sliderDots&quot;:&quot;false&quot;,&quot;sliderNav&quot;:&quot;false&quot;,&quot;infinite&quot;:&quot;false&quot;,&quot;centerMode&quot;:&quot;true&quot;,&quot;col_lg&quot;:&quot;3&quot;,&quot;col_md&quot;:3,&quot;col_sm&quot;:2,&quot;col_xs&quot;:1}\"><\/div>\r\n            <\/div>\r\n            <script type=\"text\/javascript\"> \r\n                jQuery(document).ready(function(){\r\n                    jQuery( '.rs-addon-slider' ).each(function( index ) {        \r\n                    var slider_id       = jQuery(this).attr('id'); \r\n                    var slider_conf     = jQuery.parseJSON( jQuery(this).closest('.rsaddon-unique-slider').find('.rsaddon-slider-conf').attr('data-conf'));\r\n                   \r\n                    if( typeof(slider_id) != 'undefined' && slider_id != '' ) {\r\n                    jQuery('#'+slider_id).not('.slick-initialized').slick({\r\n                    slidesToShow    : parseInt(slider_conf.col_lg),\r\n                    centerMode      : (slider_conf.centerMode)  == \"true\" ? true : false,\r\n                    dots            : (slider_conf.sliderDots)  == \"true\" ? true : false,\r\n                    arrows          : (slider_conf.sliderNav) == \"true\" ? true : false,\r\n                    autoplay        : (slider_conf.slider_autoplay) == \"true\" ? true : false,\r\n                    slidesToScroll  : parseInt(slider_conf.slidesToScroll),\r\n                    centerPadding   : '15px',\r\n                    autoplaySpeed   : parseInt(slider_conf.autoplaySpeed),\r\n                    pauseOnHover    : (slider_conf.pauseOnHover) == \"true\" ? true : false,\r\n                    loop : false,\r\n\r\n                    responsive: [{\r\n                        breakpoint: 1200,\r\n                        settings: {\r\n                            slidesToShow: parseInt(slider_conf.col_md),\r\n                        }\r\n                    }, \r\n                    {\r\n                        breakpoint: 992,\r\n                        settings: {\r\n                            slidesToShow: parseInt(slider_conf.col_sm),\r\n                        }\r\n                    }, \r\n                    {\r\n                        breakpoint: 768,\r\n                        settings: {\r\n                            arrows: false,\r\n                            slidesToShow: parseInt(slider_conf.col_xs),\r\n                        }\r\n                    }, ]\r\n                    });\r\n                }\r\n               \r\n                });\r\n            });\r\n            <\/script>\r\n        \t\t<\/div>\n\t\t\t\t<\/div>\n\t\t\t\t\t<\/div>\n\t\t<\/div>\n\t\t\t\t\t\t\t<\/div>\n\t\t<\/section>\n\t\t\t\t\t\t<\/div>\n\t\t\t\t\t<\/div>\n\t\t","protected":false},"excerpt":{"rendered":"<p>Liste des prestestations &amp; services Assurance Qualit\u00e9 &amp; Contr\u00f4le Qualit\u00e9 (QaQc) Dans une entreprise industrielle le contr\u00f4le qualit\u00e9 se concentre principalement sur les op\u00e9rations et ce qui a \u00e9t\u00e9 fabriqu\u00e9, ce qui diff\u00e8re de l\u2019assurance qualit\u00e9. En th\u00e9orie l\u2019assurance qualit\u00e9 implique des approches proactives qui ont pour but d\u2019emp\u00eacher la fabrication de produits non conformes&#8230;.<\/p>\n","protected":false},"author":1,"featured_media":0,"parent":0,"menu_order":0,"comment_status":"closed","ping_status":"closed","template":"","meta":{"footnotes":""},"class_list":["post-14339","page","type-page","status-publish","hentry"],"_links":{"self":[{"href":"https:\/\/hamaarys.net\/index.php\/wp-json\/wp\/v2\/pages\/14339","targetHints":{"allow":["GET"]}}],"collection":[{"href":"https:\/\/hamaarys.net\/index.php\/wp-json\/wp\/v2\/pages"}],"about":[{"href":"https:\/\/hamaarys.net\/index.php\/wp-json\/wp\/v2\/types\/page"}],"author":[{"embeddable":true,"href":"https:\/\/hamaarys.net\/index.php\/wp-json\/wp\/v2\/users\/1"}],"replies":[{"embeddable":true,"href":"https:\/\/hamaarys.net\/index.php\/wp-json\/wp\/v2\/comments?post=14339"}],"version-history":[{"count":53,"href":"https:\/\/hamaarys.net\/index.php\/wp-json\/wp\/v2\/pages\/14339\/revisions"}],"predecessor-version":[{"id":15010,"href":"https:\/\/hamaarys.net\/index.php\/wp-json\/wp\/v2\/pages\/14339\/revisions\/15010"}],"wp:attachment":[{"href":"https:\/\/hamaarys.net\/index.php\/wp-json\/wp\/v2\/media?parent=14339"}],"curies":[{"name":"wp","href":"https:\/\/api.w.org\/{rel}","templated":true}]}}