{"id":14131,"date":"2021-05-15T21:04:59","date_gmt":"2021-05-15T21:04:59","guid":{"rendered":"http:\/\/ahoussou.segoor.net\/projects\/hamaarys\/?page_id=14131"},"modified":"2021-08-03T16:45:10","modified_gmt":"2021-08-03T16:45:10","slug":"politique-rh","status":"publish","type":"page","link":"https:\/\/hamaarys.net\/index.php\/politique-rh\/","title":{"rendered":"POLITIQUE RH"},"content":{"rendered":"\t\t<div data-elementor-type=\"wp-page\" data-elementor-id=\"14131\" class=\"elementor elementor-14131\" data-elementor-settings=\"[]\">\n\t\t\t\t\t\t\t<div class=\"elementor-section-wrap\">\n\t\t\t\t\t\t\t<section class=\"elementor-section elementor-top-section elementor-element elementor-element-305bd804 elementor-section-full_width elementor-section-content-middle elementor-section-height-default elementor-section-height-default\" data-id=\"305bd804\" data-element_type=\"section\">\n\t\t\t\t\t\t<div class=\"elementor-container elementor-column-gap-wide\">\n\t\t\t\t\t<div class=\"elementor-column elementor-col-50 elementor-top-column elementor-element elementor-element-276d329b\" data-id=\"276d329b\" data-element_type=\"column\">\n\t\t\t<div class=\"elementor-widget-wrap elementor-element-populated\">\n\t\t\t\t\t\t\t\t<div class=\"elementor-element elementor-element-261bf9d7 elementor-invisible elementor-widget elementor-widget-rs-heading\" data-id=\"261bf9d7\" data-element_type=\"widget\" data-settings=\"{&quot;_animation&quot;:&quot;slideInLeft&quot;}\" data-widget_type=\"rs-heading.default\">\n\t\t\t\t<div class=\"elementor-widget-container\">\n\t\t\t        <div class=\"rs-heading default  \">\r\n        \t<div class=\"title-inner\">\r\n        \t\t      \t\t\r\n\t            <span class=\"sub-text \">NOTRE POLITIQUE RESSOURCES HUMAINES<\/span>\t        <\/div>\r\n\t                    \t<div class=\"description\">\r\n            \t\t<p align=\"justify\"><span style=\"color: #000000\"><span lang=\"fr-CI\">Conform\u00e9ment \u00e0 notre vision, \u00e9tant acteur cl\u00e9 et majeur du d\u00e9veloppement durable, HAMAARYS s\u2019inscrit dans une dynamique permanente dont la responsabilit\u00e9 premi\u00e8re de faire vivre et de d\u00e9velopper un mod\u00e8le social, soci\u00e9tale, excellent et ambitieux. <\/span><\/span><\/p><p align=\"justify\"><span style=\"color: #000000\"><span lang=\"fr-CI\">La f\u00e9d\u00e9ration d\u2019un capital humain ax\u00e9 sur des valeurs fortes, intrins\u00e8ques et p\u00e9rennes engag\u00e9 totalement dans un monde pr\u00e9sent pr\u00e9parant \u00e0 moyen et long terme le futur de nos agents suivant trois (3) principales politiques que sont\u00a0:<\/span><\/span><\/p><p align=\"justify\"><span style=\"color: #000000\"><span lang=\"fr-CI\">-Une politique de recrutement attractive<\/span><\/span><span style=\"color: #000000\"><span lang=\"fr-CI\"><b>, <\/b><\/span><\/span><span style=\"color: #000000\"><span lang=\"fr-CI\">dynamique et coh\u00e9rente.<\/span><\/span><\/p><p align=\"justify\"><span style=\"color: #000000\"><span lang=\"fr-CI\">-Une politique de formation dynamique et structur\u00e9e.<\/span><\/span><\/p><p align=\"justify\"><span style=\"color: #000000\"><span lang=\"fr-CI\">-Une politique sociale et soci\u00e9tale.<\/span><\/span><\/p>            \t\t\r\n            \t<\/div>\r\n        \t        <\/div>\r\n\r\n        \t\t<\/div>\n\t\t\t\t<\/div>\n\t\t\t\t\t<\/div>\n\t\t<\/div>\n\t\t\t\t<div class=\"elementor-column elementor-col-50 elementor-top-column elementor-element elementor-element-3c00c0ec animated-slow elementor-invisible\" data-id=\"3c00c0ec\" data-element_type=\"column\" data-settings=\"{&quot;animation&quot;:&quot;fadeInUp&quot;,&quot;animation_delay&quot;:500}\">\n\t\t\t<div class=\"elementor-widget-wrap elementor-element-populated\">\n\t\t\t\t\t\t\t\t<div class=\"elementor-element elementor-element-3c10a457 elementor-invisible elementor-widget elementor-widget-image\" data-id=\"3c10a457\" data-element_type=\"widget\" data-settings=\"{&quot;_animation&quot;:&quot;slideInRight&quot;,&quot;_animation_delay&quot;:600}\" data-widget_type=\"image.default\">\n\t\t\t\t<div class=\"elementor-widget-container\">\n\t\t\t\t\t\t\t\t\t\t\t\t\t\t\t<img loading=\"lazy\" decoding=\"async\" width=\"640\" height=\"640\" src=\"https:\/\/hamaarys.net\/wp-content\/uploads\/2021\/02\/why-choose-17-3.png\" class=\"attachment-large size-large\" alt=\"\" srcset=\"https:\/\/hamaarys.net\/wp-content\/uploads\/2021\/02\/why-choose-17-3.png 800w, https:\/\/hamaarys.net\/wp-content\/uploads\/2021\/02\/why-choose-17-3-300x300.png 300w, https:\/\/hamaarys.net\/wp-content\/uploads\/2021\/02\/why-choose-17-3-100x100.png 100w, https:\/\/hamaarys.net\/wp-content\/uploads\/2021\/02\/why-choose-17-3-600x600.png 600w, https:\/\/hamaarys.net\/wp-content\/uploads\/2021\/02\/why-choose-17-3-150x150.png 150w, https:\/\/hamaarys.net\/wp-content\/uploads\/2021\/02\/why-choose-17-3-768x768.png 768w, https:\/\/hamaarys.net\/wp-content\/uploads\/2021\/02\/why-choose-17-3-500x500.png 500w\" sizes=\"auto, (max-width: 640px) 100vw, 640px\" \/>\t\t\t\t\t\t\t\t\t\t\t\t\t\t\t<\/div>\n\t\t\t\t<\/div>\n\t\t\t\t\t<\/div>\n\t\t<\/div>\n\t\t\t\t\t\t\t<\/div>\n\t\t<\/section>\n\t\t\t\t<section class=\"elementor-section elementor-top-section elementor-element elementor-element-8ef3776 elementor-section-boxed elementor-section-height-default elementor-section-height-default\" data-id=\"8ef3776\" data-element_type=\"section\">\n\t\t\t\t\t\t<div class=\"elementor-container elementor-column-gap-default\">\n\t\t\t\t\t<div class=\"elementor-column elementor-col-100 elementor-top-column elementor-element elementor-element-09f3405\" data-id=\"09f3405\" data-element_type=\"column\">\n\t\t\t<div class=\"elementor-widget-wrap elementor-element-populated\">\n\t\t\t\t\t\t\t\t<div class=\"elementor-element elementor-element-327c229 elementor-invisible elementor-widget elementor-widget-rs-heading\" data-id=\"327c229\" data-element_type=\"widget\" data-settings=\"{&quot;_animation&quot;:&quot;slideInLeft&quot;}\" data-widget_type=\"rs-heading.default\">\n\t\t\t\t<div class=\"elementor-widget-container\">\n\t\t\t        <div class=\"rs-heading default  \">\r\n        \t<div class=\"title-inner\">\r\n        \t\t      \t\t\r\n\t            <span class=\"sub-text \">NOTRE POLITIQUE DE FORMATION<\/span>\t        <\/div>\r\n\t                    \t<div class=\"description\">\r\n            \t\t<p align=\"justify\"><span style=\"color: #000000\"><span lang=\"fr-CI\">Afin de satisfaire nos clients et partenaires conform\u00e9ment aux normes nationales et internationales, HAMAARYS s\u2019inscrit dans une politique de formation permanente, dynamique et structur\u00e9e adapt\u00e9e \u00e0 son contexte et ax\u00e9 par les principes suivants :<\/span><\/span><\/p><p align=\"justify\"><span style=\"color: #000000\"><span lang=\"fr-CI\">-Favoriser et maintenir l\u2019Egalit\u00e9 d\u2019Acc\u00e8s \u00e0 la Formation Professionnelle<\/span><\/span><\/p><p align=\"justify\"><span style=\"color: #000000\"><span lang=\"fr-CI\">-<\/span><\/span><span style=\"color: #000000\"><span lang=\"fr-CI\">D\u00e9velopper le Niveau de Comp\u00e9tences du Personnel<\/span><\/span><\/p><p align=\"justify\"><span style=\"color: #000000\"><span lang=\"fr-CI\">-<\/span><\/span><span style=\"color: #000000\"><span lang=\"fr-CI\">Planifier, anticiper et r\u00e9pondre favorablement aux besoins de l\u2019entreprise en termes de services offertes, pour accro\u00eetre et maintenir sa comp\u00e9titivit\u00e9<\/span><\/span><\/p><p align=\"justify\"><span style=\"color: #000000\"><span lang=\"fr-CI\">-Manager Professionnellement et impartialement la Formation<\/span><\/span><\/p>            \t\t\r\n            \t<\/div>\r\n        \t        <\/div>\r\n\r\n        \t\t<\/div>\n\t\t\t\t<\/div>\n\t\t\t\t\t<\/div>\n\t\t<\/div>\n\t\t\t\t\t\t\t<\/div>\n\t\t<\/section>\n\t\t\t\t<section class=\"elementor-section elementor-top-section elementor-element elementor-element-3b8f0c4 elementor-section-boxed elementor-section-height-default elementor-section-height-default\" data-id=\"3b8f0c4\" data-element_type=\"section\">\n\t\t\t\t\t\t<div class=\"elementor-container elementor-column-gap-default\">\n\t\t\t\t\t<div class=\"elementor-column elementor-col-100 elementor-top-column elementor-element elementor-element-7f75df1\" data-id=\"7f75df1\" data-element_type=\"column\">\n\t\t\t<div class=\"elementor-widget-wrap elementor-element-populated\">\n\t\t\t\t\t\t\t\t<div class=\"elementor-element elementor-element-2b68e8d elementor-invisible elementor-widget elementor-widget-rs-heading\" data-id=\"2b68e8d\" data-element_type=\"widget\" data-settings=\"{&quot;_animation&quot;:&quot;slideInLeft&quot;}\" data-widget_type=\"rs-heading.default\">\n\t\t\t\t<div class=\"elementor-widget-container\">\n\t\t\t        <div class=\"rs-heading default  \">\r\n        \t<div class=\"title-inner\">\r\n        \t\t      \t\t\r\n\t            <span class=\"sub-text \">NOTRE POLITIQUE SOCIALE<\/span>\t        <\/div>\r\n\t                    \t<div class=\"description\">\r\n            \t\t<p align=\"justify\"><span style=\"color: #000000\"><span lang=\"fr-CI\">Notre politique sociale vise \u00e0 rendre harmonieusement tout le personnel par une volont\u00e9 manifeste et d\u00e9lib\u00e9r\u00e9e r\u00e9elle de cr\u00e9er des cadres et conditions de travail, d\u2019hygi\u00e8ne, de s\u00e9curit\u00e9 et de l\u2019environnement pour fid\u00e9liser les agents d\u2019HAMAARYS par le <\/span><\/span><span style=\"color: #000000\"><span lang=\"fr-CI\">d\u00e9ploiement des actions sociales continues afin de leur garantir par un meilleur \u00e9quilibre entre la vie priv\u00e9e et la vie professionnelle.<\/span><\/span><\/p>            \t\t\r\n            \t<\/div>\r\n        \t        <\/div>\r\n\r\n        \t\t<\/div>\n\t\t\t\t<\/div>\n\t\t\t\t\t<\/div>\n\t\t<\/div>\n\t\t\t\t\t\t\t<\/div>\n\t\t<\/section>\n\t\t\t\t<section class=\"elementor-section elementor-top-section elementor-element elementor-element-638b9d3 elementor-section-boxed elementor-section-height-default elementor-section-height-default\" data-id=\"638b9d3\" data-element_type=\"section\">\n\t\t\t\t\t\t<div class=\"elementor-container elementor-column-gap-default\">\n\t\t\t\t\t<div class=\"elementor-column elementor-col-100 elementor-top-column elementor-element elementor-element-b1c7400\" data-id=\"b1c7400\" data-element_type=\"column\">\n\t\t\t<div class=\"elementor-widget-wrap elementor-element-populated\">\n\t\t\t\t\t\t\t\t<div class=\"elementor-element elementor-element-6648df6 elementor-invisible elementor-widget elementor-widget-rs-heading\" data-id=\"6648df6\" data-element_type=\"widget\" data-settings=\"{&quot;_animation&quot;:&quot;slideInLeft&quot;}\" data-widget_type=\"rs-heading.default\">\n\t\t\t\t<div class=\"elementor-widget-container\">\n\t\t\t        <div class=\"rs-heading default  \">\r\n        \t<div class=\"title-inner\">\r\n        \t\t      \t\t\r\n\t            <span class=\"sub-text \">NOTRE POLITIQUE DE RECRUTEMENT<\/span>\t        <\/div>\r\n\t                    \t<div class=\"description\">\r\n            \t\t<p align=\"justify\"><span style=\"color: #000000\"><span lang=\"fr-CI\">Privil\u00e9giant principalement, fortement et engag\u00e9 dans la promotion de l\u2019\u00e9galit\u00e9 des chances, notre recrutement repose sur plusieurs plans dont les principaux sont\u00a0: <\/span><\/span><\/p><ul><li><p align=\"justify\"><span style=\"color: #000000\"><span lang=\"fr-CI\">H\u00e9t\u00e9rog\u00e9n\u00e9it\u00e9 des profils<\/span><\/span><\/p><\/li><li><p align=\"justify\"><span style=\"color: #000000\"><span lang=\"fr-CI\">H\u00e9t\u00e9rog\u00e9n\u00e9it\u00e9 des origines<\/span><\/span><\/p><\/li><li><p align=\"justify\"><span style=\"color: #000000\"><span lang=\"fr-CI\">H\u00e9t\u00e9rog\u00e9n\u00e9it\u00e9 des exp\u00e9riences professionnelles<\/span><\/span><\/p><\/li><\/ul>            \t\t\r\n            \t<\/div>\r\n        \t        <\/div>\r\n\r\n        \t\t<\/div>\n\t\t\t\t<\/div>\n\t\t\t\t\t<\/div>\n\t\t<\/div>\n\t\t\t\t\t\t\t<\/div>\n\t\t<\/section>\n\t\t\t\t\t\t<\/div>\n\t\t\t\t\t<\/div>\n\t\t","protected":false},"excerpt":{"rendered":"<p>NOTRE POLITIQUE RESSOURCES HUMAINES Conform\u00e9ment \u00e0 notre vision, \u00e9tant acteur cl\u00e9 et majeur du d\u00e9veloppement durable, HAMAARYS s\u2019inscrit dans une dynamique permanente dont la responsabilit\u00e9 premi\u00e8re de faire vivre et de d\u00e9velopper un mod\u00e8le social, soci\u00e9tale, excellent et ambitieux. La f\u00e9d\u00e9ration d\u2019un capital humain ax\u00e9 sur des valeurs fortes, intrins\u00e8ques et p\u00e9rennes engag\u00e9 totalement dans&#8230;<\/p>\n","protected":false},"author":1,"featured_media":0,"parent":0,"menu_order":0,"comment_status":"closed","ping_status":"closed","template":"","meta":{"footnotes":""},"class_list":["post-14131","page","type-page","status-publish","hentry"],"_links":{"self":[{"href":"https:\/\/hamaarys.net\/index.php\/wp-json\/wp\/v2\/pages\/14131","targetHints":{"allow":["GET"]}}],"collection":[{"href":"https:\/\/hamaarys.net\/index.php\/wp-json\/wp\/v2\/pages"}],"about":[{"href":"https:\/\/hamaarys.net\/index.php\/wp-json\/wp\/v2\/types\/page"}],"author":[{"embeddable":true,"href":"https:\/\/hamaarys.net\/index.php\/wp-json\/wp\/v2\/users\/1"}],"replies":[{"embeddable":true,"href":"https:\/\/hamaarys.net\/index.php\/wp-json\/wp\/v2\/comments?post=14131"}],"version-history":[{"count":39,"href":"https:\/\/hamaarys.net\/index.php\/wp-json\/wp\/v2\/pages\/14131\/revisions"}],"predecessor-version":[{"id":14912,"href":"https:\/\/hamaarys.net\/index.php\/wp-json\/wp\/v2\/pages\/14131\/revisions\/14912"}],"wp:attachment":[{"href":"https:\/\/hamaarys.net\/index.php\/wp-json\/wp\/v2\/media?parent=14131"}],"curies":[{"name":"wp","href":"https:\/\/api.w.org\/{rel}","templated":true}]}}