{"id":14089,"date":"2021-05-15T12:48:14","date_gmt":"2021-05-15T12:48:14","guid":{"rendered":"http:\/\/ahoussou.segoor.net\/projects\/hamaarys\/?page_id=14089"},"modified":"2021-08-06T13:29:13","modified_gmt":"2021-08-06T13:29:13","slug":"choisir-hamaarys","status":"publish","type":"page","link":"https:\/\/hamaarys.net\/index.php\/choisir-hamaarys\/","title":{"rendered":"POURQUOI CHOISIR HAMAARYS ?"},"content":{"rendered":"\t\t<div data-elementor-type=\"wp-page\" data-elementor-id=\"14089\" class=\"elementor elementor-14089\" data-elementor-settings=\"[]\">\n\t\t\t\t\t\t\t<div class=\"elementor-section-wrap\">\n\t\t\t\t\t\t\t<section class=\"elementor-section elementor-top-section elementor-element elementor-element-835816e elementor-section-boxed elementor-section-height-default elementor-section-height-default elementor-invisible\" data-id=\"835816e\" data-element_type=\"section\" data-settings=\"{&quot;animation&quot;:&quot;fadeIn&quot;}\">\n\t\t\t\t\t\t<div class=\"elementor-container elementor-column-gap-default\">\n\t\t\t\t\t<div class=\"elementor-column elementor-col-100 elementor-top-column elementor-element elementor-element-9dc67ac\" data-id=\"9dc67ac\" data-element_type=\"column\">\n\t\t\t<div class=\"elementor-widget-wrap elementor-element-populated\">\n\t\t\t\t\t\t\t\t<div class=\"elementor-element elementor-element-d09e4d6 elementor-widget elementor-widget-heading\" data-id=\"d09e4d6\" data-element_type=\"widget\" data-widget_type=\"heading.default\">\n\t\t\t\t<div class=\"elementor-widget-container\">\n\t\t\t<h2 class=\"elementor-heading-title elementor-size-default\">Pourquoi Choisir Hamaarys ?<\/h2>\t\t<\/div>\n\t\t\t\t<\/div>\n\t\t\t\t<div class=\"elementor-element elementor-element-e4e1911 elementor-drop-cap-yes elementor-drop-cap-view-default elementor-widget elementor-widget-text-editor\" data-id=\"e4e1911\" data-element_type=\"widget\" data-settings=\"{&quot;drop_cap&quot;:&quot;yes&quot;}\" data-widget_type=\"text-editor.default\">\n\t\t\t\t<div class=\"elementor-widget-container\">\n\t\t\t\t\t\t\t\t<p align=\"justify\"><span style=\"color: #666666;\"><span lang=\"fr-CI\">Comp\u00e9tences et Exp\u00e9riences alli\u00e9es aux Qualifications de nos \u00e9quipes et aux mat\u00e9riels technologiques de pointes dont nous disposons et mettons aux services de nos partenaires et clients font de <strong>HAMAARYS<\/strong>\u00a0 une entreprise de r\u00e9f\u00e9rence dans nos secteurs et domaines d\u2019activit\u00e9s. Ce choix port\u00e9 sur l\u2019entreprise en cas de besoins par nos partenaires et clients aussi bien en Offshore qu\u2019en Onshore repose plusieurs principaux facteurs regroup\u00e9s en <strong>7 bonnes raisons<\/strong> que sont\u00a0: <\/span><\/span><\/p>\t\t\t\t\t\t<\/div>\n\t\t\t\t<\/div>\n\t\t\t\t\t<\/div>\n\t\t<\/div>\n\t\t\t\t\t\t\t<\/div>\n\t\t<\/section>\n\t\t\t\t<div class=\"elementor-section elementor-top-section elementor-element elementor-element-bffe397 elementor-section-boxed elementor-section-height-default elementor-section-height-default elementor-invisible\" data-id=\"bffe397\" data-element_type=\"section\" data-settings=\"{&quot;animation&quot;:&quot;zoomInUp&quot;}\">\n\t\t\t\t\t\t<div class=\"elementor-container elementor-column-gap-default\">\n\t\t\t\t\t<div class=\"elementor-column elementor-col-50 elementor-top-column elementor-element elementor-element-e344507\" data-id=\"e344507\" data-element_type=\"column\">\n\t\t\t<div class=\"elementor-widget-wrap elementor-element-populated\">\n\t\t\t\t\t\t\t\t<div class=\"elementor-element elementor-element-bbd6d2e elementor-widget elementor-widget-rs-heading\" data-id=\"bbd6d2e\" data-element_type=\"widget\" data-widget_type=\"rs-heading.default\">\n\t\t\t\t<div class=\"elementor-widget-container\">\n\t\t\t        <div class=\"rs-heading style7  \">\r\n        \t<div class=\"title-inner\">\r\n        \t\t      \t\t\r\n\t            <span class=\"sub-text\">int\u00e9grit\u00e9<\/span>\t        <\/div>\r\n\t                    \t<div class=\"description\">\r\n            \t\t<p align=\"justify\"><span style=\"color: #666666\"><span lang=\"fr-CI\">HAMAARY s\u2019engage formellement de fa\u00e7on bilat\u00e9rale dans l\u2019ex\u00e9cution de la prestation dans le strict respect des clauses contractuels avec sa client\u00e8le et en appliquant \u00e9galement les r\u00e8gles d\u2019hygi\u00e8ne, s\u00e9curit\u00e9 et environnement.<\/span><\/span><\/p>            \t\t\r\n            \t<\/div>\r\n        \t        <\/div>\r\n\r\n        \t\t<\/div>\n\t\t\t\t<\/div>\n\t\t\t\t<div class=\"elementor-element elementor-element-d935afc elementor-widget elementor-widget-rs-heading\" data-id=\"d935afc\" data-element_type=\"widget\" data-widget_type=\"rs-heading.default\">\n\t\t\t\t<div class=\"elementor-widget-container\">\n\t\t\t        <div class=\"rs-heading style7  \">\r\n        \t<div class=\"title-inner\">\r\n        \t\t      \t\t\r\n\t            <span class=\"sub-text\">rigueur &amp; responsabilit\u00e9<\/span>\t        <\/div>\r\n\t                    \t<div class=\"description\">\r\n            \t\t<p align=\"justify\"><span style=\"color: #666666\"><span lang=\"fr-CI\">HAMAARY s\u2019engage formellement de fa\u00e7on bilat\u00e9rale dans l\u2019ex\u00e9cution de la prestation dans le strict respect des clauses contractuels avec sa client\u00e8le et en appliquant \u00e9galement les r\u00e8gles d\u2019hygi\u00e8ne, s\u00e9curit\u00e9 et environnement.<\/span><\/span><\/p>            \t\t\r\n            \t<\/div>\r\n        \t        <\/div>\r\n\r\n        \t\t<\/div>\n\t\t\t\t<\/div>\n\t\t\t\t<div class=\"elementor-element elementor-element-b004f68 elementor-widget elementor-widget-rs-heading\" data-id=\"b004f68\" data-element_type=\"widget\" data-widget_type=\"rs-heading.default\">\n\t\t\t\t<div class=\"elementor-widget-container\">\n\t\t\t        <div class=\"rs-heading style7  \">\r\n        \t<div class=\"title-inner\">\r\n        \t\t      \t\t\r\n\t            <span class=\"sub-text\">environnement<\/span>\t        <\/div>\r\n\t                    \t<div class=\"description\">\r\n            \t\t<p align=\"justify\"><span style=\"color: #666666\"><span lang=\"fr-CI\">HAMAARYS \u00e9tablit et assure des partenariats cr\u00e9dibles, transparente en toute impartialit\u00e9 avec sa client\u00e8le dans le strict respect des lois et son \u00e9thique conform\u00e9ment \u00e0 sa charte.<\/span><\/span><\/p>            \t\t\r\n            \t<\/div>\r\n        \t        <\/div>\r\n\r\n        \t\t<\/div>\n\t\t\t\t<\/div>\n\t\t\t\t<div class=\"elementor-element elementor-element-877cad8 elementor-widget elementor-widget-rs-heading\" data-id=\"877cad8\" data-element_type=\"widget\" data-widget_type=\"rs-heading.default\">\n\t\t\t\t<div class=\"elementor-widget-container\">\n\t\t\t        <div class=\"rs-heading style7  \">\r\n        \t<div class=\"title-inner\">\r\n        \t\t      \t\t\r\n\t            <span class=\"sub-text\">disponibilit\u00e9<\/span>\t        <\/div>\r\n\t                    \t<div class=\"description\">\r\n            \t\t<p align=\"justify\"><span style=\"color: #666666\"><span lang=\"fr-CI\">Notre disponibilit\u00e9 de fa\u00e7on efficiente est le gage d\u2019une flexibilit\u00e9 de nos honoraires \u00e0 notre client\u00e8le et nos partenaires pour un r\u00e9sultat satisfaisant pour l\u2019ensemble des parties prenantes.<\/span><\/span><\/p>            \t\t\r\n            \t<\/div>\r\n        \t        <\/div>\r\n\r\n        \t\t<\/div>\n\t\t\t\t<\/div>\n\t\t\t\t<div class=\"elementor-element elementor-element-8be25d6 elementor-widget elementor-widget-rs-heading\" data-id=\"8be25d6\" data-element_type=\"widget\" data-widget_type=\"rs-heading.default\">\n\t\t\t\t<div class=\"elementor-widget-container\">\n\t\t\t        <div class=\"rs-heading style7  \">\r\n        \t<div class=\"title-inner\">\r\n        \t\t      \t\t\r\n\t            <span class=\"sub-text\">solidit\u00e9<\/span>\t        <\/div>\r\n\t                    \t<div class=\"description\">\r\n            \t\t<p><span style=\"color: #666666\"><span lang=\"fr-CI\">La solidit\u00e9 d\u2019HAMAARYS repose sur plusieurs facteurs dont les principaux sont : l'a<\/span><\/span><span style=\"color: #666666\"><span lang=\"fr-CI\">gr\u00e9ment minist\u00e9riel, l'e<\/span><\/span><span style=\"color: #666666\"><span lang=\"fr-CI\">xp\u00e9rience et la comp\u00e9tence, les <\/span><\/span><span style=\"color: #666666\"><span lang=\"fr-CI\">certificats et qualifications, la <\/span><\/span><span style=\"color: #666666\"><span lang=\"fr-CI\">garantie financi\u00e8re et une assurance.<\/span><\/span><\/p>            \t\t\r\n            \t<\/div>\r\n        \t        <\/div>\r\n\r\n        \t\t<\/div>\n\t\t\t\t<\/div>\n\t\t\t\t<div class=\"elementor-element elementor-element-2a80ca5 elementor-widget elementor-widget-rs-heading\" data-id=\"2a80ca5\" data-element_type=\"widget\" data-widget_type=\"rs-heading.default\">\n\t\t\t\t<div class=\"elementor-widget-container\">\n\t\t\t        <div class=\"rs-heading style7  \">\r\n        \t<div class=\"title-inner\">\r\n        \t\t      \t\t\r\n\t            <span class=\"sub-text\">Impartialit\u00e9<\/span>\t        <\/div>\r\n\t                    \t<div class=\"description\">\r\n            \t\t<p align=\"justify\"><span style=\"color: #666666\"><span lang=\"fr-CI\">La cr\u00e9dibilit\u00e9 d\u2019une entreprise est aussi fonction de son impartialit\u00e9 de ses prestations sur les recommandations et avis professionnels. La soci\u00e9t\u00e9 HAMAARYS s\u2019inscrit continuellement de fa\u00e7on formelle dans cette dynamique avec des rapports refl\u00e9tant exactement ses actions dans le strict respect des clauses contractuelles conform\u00e9ment \u00e0 notre charte.<\/span><\/span><\/p>            \t\t\r\n            \t<\/div>\r\n        \t        <\/div>\r\n\r\n        \t\t<\/div>\n\t\t\t\t<\/div>\n\t\t\t\t<div class=\"elementor-element elementor-element-e0aa9ca elementor-widget elementor-widget-rs-heading\" data-id=\"e0aa9ca\" data-element_type=\"widget\" data-widget_type=\"rs-heading.default\">\n\t\t\t\t<div class=\"elementor-widget-container\">\n\t\t\t        <div class=\"rs-heading style7  \">\r\n        \t<div class=\"title-inner\">\r\n        \t\t      \t\t\r\n\t            <span class=\"sub-text\">Normes &amp; r\u00e9gl\u00e9mentations<\/span>\t        <\/div>\r\n\t                    \t<div class=\"description\">\r\n            \t\t<p><span style=\"color: #666666\"><span lang=\"fr-CI\">Nos diff\u00e9rentes prestations et services sont r\u00e9alis\u00e9s dans le stricte respect des normes nationales et internationales en vigueur avec un personnel exp\u00e9riment\u00e9 et qualifi\u00e9.<\/span><\/span><\/p>            \t\t\r\n            \t<\/div>\r\n        \t        <\/div>\r\n\r\n        \t\t<\/div>\n\t\t\t\t<\/div>\n\t\t\t\t\t<\/div>\n\t\t<\/div>\n\t\t\t\t<div class=\"elementor-column elementor-col-50 elementor-top-column elementor-element elementor-element-3b064ca\" data-id=\"3b064ca\" data-element_type=\"column\">\n\t\t\t<div class=\"elementor-widget-wrap elementor-element-populated\">\n\t\t\t\t\t\t\t\t<div class=\"elementor-element elementor-element-eeda248 elementor-widget elementor-widget-image\" data-id=\"eeda248\" data-element_type=\"widget\" data-widget_type=\"image.default\">\n\t\t\t\t<div class=\"elementor-widget-container\">\n\t\t\t\t\t\t\t\t\t\t\t\t\t\t\t<img loading=\"lazy\" decoding=\"async\" width=\"283\" height=\"227\" src=\"https:\/\/hamaarys.net\/wp-content\/uploads\/2021\/05\/choisir-raisons.jpg\" class=\"elementor-animation-pop attachment-large size-large\" alt=\"\" \/>\t\t\t\t\t\t\t\t\t\t\t\t\t\t\t<\/div>\n\t\t\t\t<\/div>\n\t\t\t\t\t<\/div>\n\t\t<\/div>\n\t\t\t\t\t\t\t<\/div>\n\t\t<\/div>\n\t\t\t\t\t\t<\/div>\n\t\t\t\t\t<\/div>\n\t\t","protected":false},"excerpt":{"rendered":"<p>Pourquoi Choisir Hamaarys ? Comp\u00e9tences et Exp\u00e9riences alli\u00e9es aux Qualifications de nos \u00e9quipes et aux mat\u00e9riels technologiques de pointes dont nous disposons et mettons aux services de nos partenaires et clients font de HAMAARYS\u00a0 une entreprise de r\u00e9f\u00e9rence dans nos secteurs et domaines d\u2019activit\u00e9s. Ce choix port\u00e9 sur l\u2019entreprise en cas de besoins par nos&#8230;<\/p>\n","protected":false},"author":1,"featured_media":0,"parent":0,"menu_order":0,"comment_status":"closed","ping_status":"closed","template":"","meta":{"footnotes":""},"class_list":["post-14089","page","type-page","status-publish","hentry"],"_links":{"self":[{"href":"https:\/\/hamaarys.net\/index.php\/wp-json\/wp\/v2\/pages\/14089","targetHints":{"allow":["GET"]}}],"collection":[{"href":"https:\/\/hamaarys.net\/index.php\/wp-json\/wp\/v2\/pages"}],"about":[{"href":"https:\/\/hamaarys.net\/index.php\/wp-json\/wp\/v2\/types\/page"}],"author":[{"embeddable":true,"href":"https:\/\/hamaarys.net\/index.php\/wp-json\/wp\/v2\/users\/1"}],"replies":[{"embeddable":true,"href":"https:\/\/hamaarys.net\/index.php\/wp-json\/wp\/v2\/comments?post=14089"}],"version-history":[{"count":46,"href":"https:\/\/hamaarys.net\/index.php\/wp-json\/wp\/v2\/pages\/14089\/revisions"}],"predecessor-version":[{"id":14991,"href":"https:\/\/hamaarys.net\/index.php\/wp-json\/wp\/v2\/pages\/14089\/revisions\/14991"}],"wp:attachment":[{"href":"https:\/\/hamaarys.net\/index.php\/wp-json\/wp\/v2\/media?parent=14089"}],"curies":[{"name":"wp","href":"https:\/\/api.w.org\/{rel}","templated":true}]}}