{"id":14062,"date":"2021-05-14T15:57:12","date_gmt":"2021-05-14T15:57:12","guid":{"rendered":"http:\/\/ahoussou.segoor.net\/projects\/hamaarys\/?page_id=14062"},"modified":"2021-08-06T13:32:41","modified_gmt":"2021-08-06T13:32:41","slug":"nos-valeurs","status":"publish","type":"page","link":"https:\/\/hamaarys.net\/index.php\/nos-valeurs\/","title":{"rendered":"NOS VALEURS"},"content":{"rendered":"\t\t<div data-elementor-type=\"wp-page\" data-elementor-id=\"14062\" class=\"elementor elementor-14062\" data-elementor-settings=\"[]\">\n\t\t\t\t\t\t\t<div class=\"elementor-section-wrap\">\n\t\t\t\t\t\t\t<section class=\"elementor-section elementor-top-section elementor-element elementor-element-2913774 elementor-section-boxed elementor-section-height-default elementor-section-height-default\" data-id=\"2913774\" data-element_type=\"section\">\n\t\t\t\t\t\t<div class=\"elementor-container elementor-column-gap-default\">\n\t\t\t\t\t<div class=\"elementor-column elementor-col-100 elementor-top-column elementor-element elementor-element-6bfb625\" data-id=\"6bfb625\" data-element_type=\"column\">\n\t\t\t<div class=\"elementor-widget-wrap elementor-element-populated\">\n\t\t\t\t\t\t\t\t<div class=\"elementor-element elementor-element-72dc206 elementor-widget elementor-widget-heading\" data-id=\"72dc206\" data-element_type=\"widget\" data-widget_type=\"heading.default\">\n\t\t\t\t<div class=\"elementor-widget-container\">\n\t\t\t<h2 class=\"elementor-heading-title elementor-size-default\">Nos Valeurs<\/h2>\t\t<\/div>\n\t\t\t\t<\/div>\n\t\t\t\t\t<\/div>\n\t\t<\/div>\n\t\t\t\t\t\t\t<\/div>\n\t\t<\/section>\n\t\t\t\t<section class=\"elementor-section elementor-top-section elementor-element elementor-element-e8b944e elementor-section-boxed elementor-section-height-default elementor-section-height-default\" data-id=\"e8b944e\" data-element_type=\"section\">\n\t\t\t\t\t\t<div class=\"elementor-container elementor-column-gap-default\">\n\t\t\t\t\t<div class=\"elementor-column elementor-col-100 elementor-top-column elementor-element elementor-element-e65b7ab\" data-id=\"e65b7ab\" data-element_type=\"column\">\n\t\t\t<div class=\"elementor-widget-wrap elementor-element-populated\">\n\t\t\t\t\t\t\t\t<div class=\"elementor-element elementor-element-1e92d02 elementor-widget elementor-widget-text-editor\" data-id=\"1e92d02\" data-element_type=\"widget\" data-widget_type=\"text-editor.default\">\n\t\t\t\t<div class=\"elementor-widget-container\">\n\t\t\t\t\t\t\t\t<p><span style=\"color: #666666;\"><span lang=\"fr-CI\">Les principaux piliers majeurs sur lesquels HAMAARYS s\u2019appuie ou se repose pour garantir la satisfaction de sa client\u00e8le et ses partenaires afin d\u2019\u00eatre et de demeurer une r\u00e9f\u00e9rence \u00e0 travers les services offertes sont\u00a0: <\/span><\/span><\/p>\t\t\t\t\t\t<\/div>\n\t\t\t\t<\/div>\n\t\t\t\t<section class=\"elementor-section elementor-inner-section elementor-element elementor-element-2eea1da elementor-section-boxed elementor-section-height-default elementor-section-height-default\" data-id=\"2eea1da\" data-element_type=\"section\">\n\t\t\t\t\t\t<div class=\"elementor-container elementor-column-gap-default\">\n\t\t\t\t\t<div class=\"elementor-column elementor-col-50 elementor-inner-column elementor-element elementor-element-6f6a1ab\" data-id=\"6f6a1ab\" data-element_type=\"column\">\n\t\t\t<div class=\"elementor-widget-wrap elementor-element-populated\">\n\t\t\t\t\t\t\t\t<div class=\"elementor-element elementor-element-2d5d0497 elementor-widget elementor-widget-rs-heading\" data-id=\"2d5d0497\" data-element_type=\"widget\" data-widget_type=\"rs-heading.default\">\n\t\t\t\t<div class=\"elementor-widget-container\">\n\t\t\t        <div class=\"rs-heading style2 left \">\r\n        \t<div class=\"title-inner\">\r\n        \t\t      \t\t\r\n\t            <span class=\"sub-text \">INTEGRITE<\/span>\t        <\/div>\r\n\t                    \t<div class=\"description\">\r\n            \t\t<p align=\"justify\"><span style=\"color: #666666\"><span lang=\"fr-CI\">HAMAARYS s\u2019engage formellement de fa\u00e7on bilat\u00e9rale dans l\u2019ex\u00e9cution de la prestation dans le strict respect des clauses contractuels avec sa client\u00e8le et en appliquant \u00e9galement les r\u00e8gles d\u2019hygi\u00e8ne, s\u00e9curit\u00e9 et environnement.<\/span><\/span><\/p>            \t\t\r\n            \t<\/div>\r\n        \t        <\/div>\r\n\r\n        \t\t<\/div>\n\t\t\t\t<\/div>\n\t\t\t\t<div class=\"elementor-element elementor-element-e97303a elementor-widget elementor-widget-rs-heading\" data-id=\"e97303a\" data-element_type=\"widget\" data-widget_type=\"rs-heading.default\">\n\t\t\t\t<div class=\"elementor-widget-container\">\n\t\t\t        <div class=\"rs-heading style2 left \">\r\n        \t<div class=\"title-inner\">\r\n        \t\t      \t\t\r\n\t            <span class=\"sub-text \">ENGAGEMENT<\/span>\t        <\/div>\r\n\t                    \t<div class=\"description\">\r\n            \t\t<p align=\"justify\"><span style=\"color: #666666\"><span lang=\"fr-CI\">Notre engagement de fa\u00e7on efficiente est le gage d\u2019une flexibilit\u00e9 de nos honoraires \u00e0 notre client\u00e8le et nos partenaires pour un r\u00e9sultat satisfaisant pour l\u2019ensemble des parties prenantes.<\/span><\/span><\/p>            \t\t\r\n            \t<\/div>\r\n        \t        <\/div>\r\n\r\n        \t\t<\/div>\n\t\t\t\t<\/div>\n\t\t\t\t\t<\/div>\n\t\t<\/div>\n\t\t\t\t<div class=\"elementor-column elementor-col-50 elementor-inner-column elementor-element elementor-element-c5ac371\" data-id=\"c5ac371\" data-element_type=\"column\">\n\t\t\t<div class=\"elementor-widget-wrap elementor-element-populated\">\n\t\t\t\t\t\t\t\t<div class=\"elementor-element elementor-element-23038e2 elementor-widget elementor-widget-image\" data-id=\"23038e2\" data-element_type=\"widget\" data-widget_type=\"image.default\">\n\t\t\t\t<div class=\"elementor-widget-container\">\n\t\t\t\t\t\t\t\t\t\t\t\t\t\t\t<img loading=\"lazy\" decoding=\"async\" width=\"640\" height=\"470\" src=\"https:\/\/hamaarys.net\/wp-content\/uploads\/2020\/10\/ser_2-3.jpg\" class=\"attachment-large size-large\" alt=\"\" srcset=\"https:\/\/hamaarys.net\/wp-content\/uploads\/2020\/10\/ser_2-3.jpg 740w, https:\/\/hamaarys.net\/wp-content\/uploads\/2020\/10\/ser_2-3-600x441.jpg 600w, https:\/\/hamaarys.net\/wp-content\/uploads\/2020\/10\/ser_2-3-300x221.jpg 300w\" sizes=\"auto, (max-width: 640px) 100vw, 640px\" \/>\t\t\t\t\t\t\t\t\t\t\t\t\t\t\t<\/div>\n\t\t\t\t<\/div>\n\t\t\t\t\t<\/div>\n\t\t<\/div>\n\t\t\t\t\t\t\t<\/div>\n\t\t<\/section>\n\t\t\t\t<section class=\"elementor-section elementor-inner-section elementor-element elementor-element-105d2cb elementor-section-boxed elementor-section-height-default elementor-section-height-default\" data-id=\"105d2cb\" data-element_type=\"section\">\n\t\t\t\t\t\t<div class=\"elementor-container elementor-column-gap-default\">\n\t\t\t\t\t<div class=\"elementor-column elementor-col-50 elementor-inner-column elementor-element elementor-element-ec1d974\" data-id=\"ec1d974\" data-element_type=\"column\">\n\t\t\t<div class=\"elementor-widget-wrap elementor-element-populated\">\n\t\t\t\t\t\t\t\t<div class=\"elementor-element elementor-element-b6c9f57 elementor-widget elementor-widget-image\" data-id=\"b6c9f57\" data-element_type=\"widget\" data-widget_type=\"image.default\">\n\t\t\t\t<div class=\"elementor-widget-container\">\n\t\t\t\t\t\t\t\t\t\t\t\t\t\t\t<img loading=\"lazy\" decoding=\"async\" width=\"640\" height=\"500\" src=\"https:\/\/hamaarys.net\/wp-content\/uploads\/2020\/11\/01-3.jpg\" class=\"attachment-large size-large\" alt=\"\" srcset=\"https:\/\/hamaarys.net\/wp-content\/uploads\/2020\/11\/01-3.jpg 768w, https:\/\/hamaarys.net\/wp-content\/uploads\/2020\/11\/01-3-600x469.jpg 600w, https:\/\/hamaarys.net\/wp-content\/uploads\/2020\/11\/01-3-300x234.jpg 300w\" sizes=\"auto, (max-width: 640px) 100vw, 640px\" \/>\t\t\t\t\t\t\t\t\t\t\t\t\t\t\t<\/div>\n\t\t\t\t<\/div>\n\t\t\t\t\t<\/div>\n\t\t<\/div>\n\t\t\t\t<div class=\"elementor-column elementor-col-50 elementor-inner-column elementor-element elementor-element-4f8a550\" data-id=\"4f8a550\" data-element_type=\"column\">\n\t\t\t<div class=\"elementor-widget-wrap elementor-element-populated\">\n\t\t\t\t\t\t\t\t<div class=\"elementor-element elementor-element-7b28fc2 elementor-widget elementor-widget-rs-heading\" data-id=\"7b28fc2\" data-element_type=\"widget\" data-widget_type=\"rs-heading.default\">\n\t\t\t\t<div class=\"elementor-widget-container\">\n\t\t\t        <div class=\"rs-heading style2 left \">\r\n        \t<div class=\"title-inner\">\r\n        \t\t      \t\t\r\n\t            <span class=\"sub-text \">FIABILITE<\/span>\t        <\/div>\r\n\t                    \t<div class=\"description\">\r\n            \t\t<p align=\"justify\"><span style=\"color: #666666\"><span lang=\"fr-CI\">Notre fiabilit\u00e9 repose sur nos \u00e9quipes exp\u00e9riment\u00e9es, qualifi\u00e9es et du mat\u00e9riel de pointe \u00e0 jour r\u00e9pondant aux normes nationales et international \u00e0 travers nos services adapt\u00e9s \u00e0 nos clients partenaires.<\/span><\/span><\/p>            \t\t\r\n            \t<\/div>\r\n        \t        <\/div>\r\n\r\n        \t\t<\/div>\n\t\t\t\t<\/div>\n\t\t\t\t<div class=\"elementor-element elementor-element-3954a13 elementor-widget elementor-widget-rs-heading\" data-id=\"3954a13\" data-element_type=\"widget\" data-widget_type=\"rs-heading.default\">\n\t\t\t\t<div class=\"elementor-widget-container\">\n\t\t\t        <div class=\"rs-heading style2 left \">\r\n        \t<div class=\"title-inner\">\r\n        \t\t      \t\t\r\n\t            <span class=\"sub-text \">RESPECT<\/span>\t        <\/div>\r\n\t                    \t<div class=\"description\">\r\n            \t\t<p align=\"justify\"><span style=\"color: #666666\"><span lang=\"fr-CI\">HAMAARYS s\u2019inscrit continuellement dans une d\u00e9marche inclusive du respect et la cr\u00e9dibilit\u00e9 nos engagements contractuels avec nos clients et partenaires pour un partenariat gagnant-gagnant.<\/span><\/span><\/p>            \t\t\r\n            \t<\/div>\r\n        \t        <\/div>\r\n\r\n        \t\t<\/div>\n\t\t\t\t<\/div>\n\t\t\t\t\t<\/div>\n\t\t<\/div>\n\t\t\t\t\t\t\t<\/div>\n\t\t<\/section>\n\t\t\t\t<section class=\"elementor-section elementor-inner-section elementor-element elementor-element-79bd364 elementor-section-boxed elementor-section-height-default elementor-section-height-default\" data-id=\"79bd364\" data-element_type=\"section\">\n\t\t\t\t\t\t<div class=\"elementor-container elementor-column-gap-default\">\n\t\t\t\t\t<div class=\"elementor-column elementor-col-50 elementor-inner-column elementor-element elementor-element-400f61a\" data-id=\"400f61a\" data-element_type=\"column\">\n\t\t\t<div class=\"elementor-widget-wrap\">\n\t\t\t\t\t\t\t\t\t<\/div>\n\t\t<\/div>\n\t\t\t\t<div class=\"elementor-column elementor-col-50 elementor-inner-column elementor-element elementor-element-4fa655c\" data-id=\"4fa655c\" data-element_type=\"column\">\n\t\t\t<div class=\"elementor-widget-wrap\">\n\t\t\t\t\t\t\t\t\t<\/div>\n\t\t<\/div>\n\t\t\t\t\t\t\t<\/div>\n\t\t<\/section>\n\t\t\t\t\t<\/div>\n\t\t<\/div>\n\t\t\t\t\t\t\t<\/div>\n\t\t<\/section>\n\t\t\t\t\t\t<\/div>\n\t\t\t\t\t<\/div>\n\t\t","protected":false},"excerpt":{"rendered":"<p>Nos Valeurs Les principaux piliers majeurs sur lesquels HAMAARYS s\u2019appuie ou se repose pour garantir la satisfaction de sa client\u00e8le et ses partenaires afin d\u2019\u00eatre et de demeurer une r\u00e9f\u00e9rence \u00e0 travers les services offertes sont\u00a0: INTEGRITE HAMAARYS s\u2019engage formellement de fa\u00e7on bilat\u00e9rale dans l\u2019ex\u00e9cution de la prestation dans le strict respect des clauses contractuels&#8230;<\/p>\n","protected":false},"author":1,"featured_media":0,"parent":0,"menu_order":0,"comment_status":"closed","ping_status":"closed","template":"","meta":{"footnotes":""},"class_list":["post-14062","page","type-page","status-publish","hentry"],"_links":{"self":[{"href":"https:\/\/hamaarys.net\/index.php\/wp-json\/wp\/v2\/pages\/14062","targetHints":{"allow":["GET"]}}],"collection":[{"href":"https:\/\/hamaarys.net\/index.php\/wp-json\/wp\/v2\/pages"}],"about":[{"href":"https:\/\/hamaarys.net\/index.php\/wp-json\/wp\/v2\/types\/page"}],"author":[{"embeddable":true,"href":"https:\/\/hamaarys.net\/index.php\/wp-json\/wp\/v2\/users\/1"}],"replies":[{"embeddable":true,"href":"https:\/\/hamaarys.net\/index.php\/wp-json\/wp\/v2\/comments?post=14062"}],"version-history":[{"count":30,"href":"https:\/\/hamaarys.net\/index.php\/wp-json\/wp\/v2\/pages\/14062\/revisions"}],"predecessor-version":[{"id":14995,"href":"https:\/\/hamaarys.net\/index.php\/wp-json\/wp\/v2\/pages\/14062\/revisions\/14995"}],"wp:attachment":[{"href":"https:\/\/hamaarys.net\/index.php\/wp-json\/wp\/v2\/media?parent=14062"}],"curies":[{"name":"wp","href":"https:\/\/api.w.org\/{rel}","templated":true}]}}