{"id":14056,"date":"2021-05-14T15:37:52","date_gmt":"2021-05-14T15:37:52","guid":{"rendered":"http:\/\/ahoussou.segoor.net\/projects\/hamaarys\/?page_id=14056"},"modified":"2021-08-06T13:24:44","modified_gmt":"2021-08-06T13:24:44","slug":"vision-missions","status":"publish","type":"page","link":"https:\/\/hamaarys.net\/index.php\/vision-missions\/","title":{"rendered":"NOTRE VISION &#038; NOTRE MISSION"},"content":{"rendered":"\t\t<div data-elementor-type=\"wp-page\" data-elementor-id=\"14056\" class=\"elementor elementor-14056\" data-elementor-settings=\"[]\">\n\t\t\t\t\t\t\t<div class=\"elementor-section-wrap\">\n\t\t\t\t\t\t\t<section class=\"elementor-section elementor-top-section elementor-element elementor-element-b7fb7b1 elementor-section-boxed elementor-section-height-default elementor-section-height-default\" data-id=\"b7fb7b1\" data-element_type=\"section\">\n\t\t\t\t\t\t<div class=\"elementor-container elementor-column-gap-default\">\n\t\t\t\t\t<div class=\"elementor-column elementor-col-33 elementor-top-column elementor-element elementor-element-841b246\" data-id=\"841b246\" data-element_type=\"column\">\n\t\t\t<div class=\"elementor-widget-wrap elementor-element-populated\">\n\t\t\t\t\t\t\t\t<div class=\"elementor-element elementor-element-16fc4d8 animated-slow elementor-invisible elementor-widget elementor-widget-image\" data-id=\"16fc4d8\" data-element_type=\"widget\" data-settings=\"{&quot;_animation&quot;:&quot;slideInLeft&quot;}\" data-widget_type=\"image.default\">\n\t\t\t\t<div class=\"elementor-widget-container\">\n\t\t\t\t\t\t\t\t\t\t\t\t\t\t\t<img loading=\"lazy\" decoding=\"async\" width=\"640\" height=\"737\" src=\"https:\/\/hamaarys.net\/wp-content\/uploads\/2020\/10\/shap_man-3.png\" class=\"elementor-animation-pulse-shrink attachment-large size-large\" alt=\"\" srcset=\"https:\/\/hamaarys.net\/wp-content\/uploads\/2020\/10\/shap_man-3.png 649w, https:\/\/hamaarys.net\/wp-content\/uploads\/2020\/10\/shap_man-3-600x691.png 600w, https:\/\/hamaarys.net\/wp-content\/uploads\/2020\/10\/shap_man-3-261x300.png 261w\" sizes=\"auto, (max-width: 640px) 100vw, 640px\" \/>\t\t\t\t\t\t\t\t\t\t\t\t\t\t\t<\/div>\n\t\t\t\t<\/div>\n\t\t\t\t\t<\/div>\n\t\t<\/div>\n\t\t\t\t<div class=\"elementor-column elementor-col-66 elementor-top-column elementor-element elementor-element-6dd2a6b\" data-id=\"6dd2a6b\" data-element_type=\"column\">\n\t\t\t<div class=\"elementor-widget-wrap elementor-element-populated\">\n\t\t\t\t\t\t\t\t<div class=\"elementor-element elementor-element-0e2e71e elementor-widget elementor-widget-heading\" data-id=\"0e2e71e\" data-element_type=\"widget\" data-widget_type=\"heading.default\">\n\t\t\t\t<div class=\"elementor-widget-container\">\n\t\t\t<h3 class=\"elementor-heading-title elementor-size-default\">Notre vision <\/h3>\t\t<\/div>\n\t\t\t\t<\/div>\n\t\t\t\t<div class=\"elementor-element elementor-element-118889e elementor-widget elementor-widget-text-editor\" data-id=\"118889e\" data-element_type=\"widget\" data-widget_type=\"text-editor.default\">\n\t\t\t\t<div class=\"elementor-widget-container\">\n\t\t\t\t\t\t\t\t<p align=\"justify\"><span style=\"color: #666666;\"><span lang=\"fr-CI\">\u00catre une r\u00e9f\u00e9rence en mati\u00e8re d\u2019Inspection, Contr\u00f4les Non Destructifs (CND) &amp; Contr\u00f4les Techniques et R\u00e9glementaires, l\u2019Ing\u00e9nierie Industrielle, l\u2019Expertises Techniques et HSE, l\u2019Assurance Qualit\u00e9 &amp; Contr\u00f4le Qualit\u00e9 (QAQC), la Maintenance des Syst\u00e8mes de Production Industrielle et Services Diverses.<\/span><\/span><\/p>\t\t\t\t\t\t<\/div>\n\t\t\t\t<\/div>\n\t\t\t\t\t<\/div>\n\t\t<\/div>\n\t\t\t\t\t\t\t<\/div>\n\t\t<\/section>\n\t\t\t\t<section class=\"elementor-section elementor-top-section elementor-element elementor-element-34a1cdb elementor-section-boxed elementor-section-height-default elementor-section-height-default\" data-id=\"34a1cdb\" data-element_type=\"section\">\n\t\t\t\t\t\t<div class=\"elementor-container elementor-column-gap-default\">\n\t\t\t\t\t<div class=\"elementor-column elementor-col-66 elementor-top-column elementor-element elementor-element-dab4090\" data-id=\"dab4090\" data-element_type=\"column\">\n\t\t\t<div class=\"elementor-widget-wrap elementor-element-populated\">\n\t\t\t\t\t\t\t\t<div class=\"elementor-element elementor-element-c58860c elementor-widget elementor-widget-heading\" data-id=\"c58860c\" data-element_type=\"widget\" data-widget_type=\"heading.default\">\n\t\t\t\t<div class=\"elementor-widget-container\">\n\t\t\t<h3 class=\"elementor-heading-title elementor-size-default\">Notre mission <\/h3>\t\t<\/div>\n\t\t\t\t<\/div>\n\t\t\t\t<div class=\"elementor-element elementor-element-de985ed elementor-widget elementor-widget-text-editor\" data-id=\"de985ed\" data-element_type=\"widget\" data-widget_type=\"text-editor.default\">\n\t\t\t\t<div class=\"elementor-widget-container\">\n\t\t\t\t\t\t\t\t<p align=\"justify\"><span style=\"color: #666666;\"><span lang=\"fr-CI\">Fournir une expertise technique de pointe compl\u00e8te \u00e0 ses clients ainsi qu\u2019\u00e0 ses partenaires. De plus elle les assiste dans toutes les phases de leurs projets aussi bien en amont qu\u2019en aval, notamment en Conception, en Exploitation et en Maintenance pour assurer la fiabilit\u00e9 et garantir l\u2019int\u00e9grit\u00e9 des ouvrages et \u00e9quipements industriels.<\/span><\/span><\/p>\t\t\t\t\t\t<\/div>\n\t\t\t\t<\/div>\n\t\t\t\t\t<\/div>\n\t\t<\/div>\n\t\t\t\t<div class=\"elementor-column elementor-col-33 elementor-top-column elementor-element elementor-element-0da0e7c\" data-id=\"0da0e7c\" data-element_type=\"column\">\n\t\t\t<div class=\"elementor-widget-wrap elementor-element-populated\">\n\t\t\t\t\t\t\t\t<div class=\"elementor-element elementor-element-9e93ed4 elementor-invisible elementor-widget elementor-widget-image\" data-id=\"9e93ed4\" data-element_type=\"widget\" data-settings=\"{&quot;_animation&quot;:&quot;slideInRight&quot;}\" data-widget_type=\"image.default\">\n\t\t\t\t<div class=\"elementor-widget-container\">\n\t\t\t\t\t\t\t\t\t\t\t\t\t\t\t<img loading=\"lazy\" decoding=\"async\" width=\"558\" height=\"718\" src=\"https:\/\/hamaarys.net\/wp-content\/uploads\/revslider\/slider-11\/slide_2.png\" class=\"elementor-animation-pulse-grow attachment-large size-large\" alt=\"\" srcset=\"https:\/\/hamaarys.net\/wp-content\/uploads\/revslider\/slider-11\/slide_2.png 558w, https:\/\/hamaarys.net\/wp-content\/uploads\/revslider\/slider-11\/slide_2-233x300.png 233w\" sizes=\"auto, (max-width: 558px) 100vw, 558px\" \/>\t\t\t\t\t\t\t\t\t\t\t\t\t\t\t<\/div>\n\t\t\t\t<\/div>\n\t\t\t\t\t<\/div>\n\t\t<\/div>\n\t\t\t\t\t\t\t<\/div>\n\t\t<\/section>\n\t\t\t\t\t\t<\/div>\n\t\t\t\t\t<\/div>\n\t\t","protected":false},"excerpt":{"rendered":"<p>Notre vision \u00catre une r\u00e9f\u00e9rence en mati\u00e8re d\u2019Inspection, Contr\u00f4les Non Destructifs (CND) &amp; Contr\u00f4les Techniques et R\u00e9glementaires, l\u2019Ing\u00e9nierie Industrielle, l\u2019Expertises Techniques et HSE, l\u2019Assurance Qualit\u00e9 &amp; Contr\u00f4le Qualit\u00e9 (QAQC), la Maintenance des Syst\u00e8mes de Production Industrielle et Services Diverses. Notre mission Fournir une expertise technique de pointe compl\u00e8te \u00e0 ses clients ainsi qu\u2019\u00e0 ses partenaires&#8230;.<\/p>\n","protected":false},"author":1,"featured_media":0,"parent":0,"menu_order":0,"comment_status":"closed","ping_status":"closed","template":"","meta":{"footnotes":""},"class_list":["post-14056","page","type-page","status-publish","hentry"],"_links":{"self":[{"href":"https:\/\/hamaarys.net\/index.php\/wp-json\/wp\/v2\/pages\/14056","targetHints":{"allow":["GET"]}}],"collection":[{"href":"https:\/\/hamaarys.net\/index.php\/wp-json\/wp\/v2\/pages"}],"about":[{"href":"https:\/\/hamaarys.net\/index.php\/wp-json\/wp\/v2\/types\/page"}],"author":[{"embeddable":true,"href":"https:\/\/hamaarys.net\/index.php\/wp-json\/wp\/v2\/users\/1"}],"replies":[{"embeddable":true,"href":"https:\/\/hamaarys.net\/index.php\/wp-json\/wp\/v2\/comments?post=14056"}],"version-history":[{"count":18,"href":"https:\/\/hamaarys.net\/index.php\/wp-json\/wp\/v2\/pages\/14056\/revisions"}],"predecessor-version":[{"id":14988,"href":"https:\/\/hamaarys.net\/index.php\/wp-json\/wp\/v2\/pages\/14056\/revisions\/14988"}],"wp:attachment":[{"href":"https:\/\/hamaarys.net\/index.php\/wp-json\/wp\/v2\/media?parent=14056"}],"curies":[{"name":"wp","href":"https:\/\/api.w.org\/{rel}","templated":true}]}}