{"id":14021,"date":"2021-05-14T13:37:29","date_gmt":"2021-05-14T13:37:29","guid":{"rendered":"http:\/\/ahoussou.segoor.net\/projects\/hamaarys\/?page_id=14021"},"modified":"2021-08-06T13:17:22","modified_gmt":"2021-08-06T13:17:22","slug":"equipe-dirigeante","status":"publish","type":"page","link":"https:\/\/hamaarys.net\/index.php\/equipe-dirigeante\/","title":{"rendered":"EQUIPE DIRIGEANTE"},"content":{"rendered":"\t\t<div data-elementor-type=\"wp-page\" data-elementor-id=\"14021\" class=\"elementor elementor-14021\" data-elementor-settings=\"[]\">\n\t\t\t\t\t\t\t<div class=\"elementor-section-wrap\">\n\t\t\t\t\t\t\t<section class=\"elementor-section elementor-top-section elementor-element elementor-element-19503f90 elementor-section-full_width elementor-section-content-middle elementor-section-height-default elementor-section-height-default\" data-id=\"19503f90\" data-element_type=\"section\">\n\t\t\t\t\t\t<div class=\"elementor-container elementor-column-gap-wide\">\n\t\t\t\t\t<div class=\"elementor-column elementor-col-50 elementor-top-column elementor-element elementor-element-11a5c772 animated-slow elementor-invisible\" data-id=\"11a5c772\" data-element_type=\"column\" data-settings=\"{&quot;animation&quot;:&quot;fadeInUp&quot;,&quot;animation_delay&quot;:500}\">\n\t\t\t<div class=\"elementor-widget-wrap elementor-element-populated\">\n\t\t\t\t\t\t\t\t<div class=\"elementor-element elementor-element-71afab2b elementor-widget elementor-widget-image\" data-id=\"71afab2b\" data-element_type=\"widget\" data-widget_type=\"image.default\">\n\t\t\t\t<div class=\"elementor-widget-container\">\n\t\t\t\t\t\t\t\t\t\t\t\t\t\t\t<img loading=\"lazy\" decoding=\"async\" width=\"500\" height=\"500\" src=\"https:\/\/hamaarys.net\/wp-content\/uploads\/2021\/05\/ceo-500x500.jpg\" class=\"attachment-rsaddon-team-round-style size-rsaddon-team-round-style\" alt=\"\" srcset=\"https:\/\/hamaarys.net\/wp-content\/uploads\/2021\/05\/ceo-500x500.jpg 500w, https:\/\/hamaarys.net\/wp-content\/uploads\/2021\/05\/ceo-150x150.jpg 150w, https:\/\/hamaarys.net\/wp-content\/uploads\/2021\/05\/ceo-300x300.jpg 300w, https:\/\/hamaarys.net\/wp-content\/uploads\/2021\/05\/ceo-100x100.jpg 100w\" sizes=\"auto, (max-width: 500px) 100vw, 500px\" \/>\t\t\t\t\t\t\t\t\t\t\t\t\t\t\t<\/div>\n\t\t\t\t<\/div>\n\t\t\t\t<section class=\"elementor-section elementor-inner-section elementor-element elementor-element-3b8184fb elementor-section-boxed elementor-section-height-default elementor-section-height-default\" data-id=\"3b8184fb\" data-element_type=\"section\">\n\t\t\t\t\t\t<div class=\"elementor-container elementor-column-gap-default\">\n\t\t\t\t\t<div class=\"elementor-column elementor-col-33 elementor-inner-column elementor-element elementor-element-2c862c75 elementor-hidden-tablet\" data-id=\"2c862c75\" data-element_type=\"column\">\n\t\t\t<div class=\"elementor-widget-wrap\">\n\t\t\t\t\t\t\t\t\t<\/div>\n\t\t<\/div>\n\t\t\t\t<div class=\"elementor-column elementor-col-33 elementor-inner-column elementor-element elementor-element-358df1d box-shadow\" data-id=\"358df1d\" data-element_type=\"column\" data-settings=\"{&quot;background_background&quot;:&quot;classic&quot;}\">\n\t\t\t<div class=\"elementor-widget-wrap elementor-element-populated\">\n\t\t\t\t\t\t\t\t<div class=\"elementor-element elementor-element-158bd531 elementor-widget elementor-widget-heading\" data-id=\"158bd531\" data-element_type=\"widget\" data-widget_type=\"heading.default\">\n\t\t\t\t<div class=\"elementor-widget-container\">\n\t\t\t<h3 class=\"elementor-heading-title elementor-size-default\">GENERAL MANAGER<\/h3>\t\t<\/div>\n\t\t\t\t<\/div>\n\t\t\t\t\t<\/div>\n\t\t<\/div>\n\t\t\t\t<div class=\"elementor-column elementor-col-33 elementor-inner-column elementor-element elementor-element-43cab1a elementor-hidden-tablet\" data-id=\"43cab1a\" data-element_type=\"column\" data-settings=\"{&quot;background_background&quot;:&quot;classic&quot;}\">\n\t\t\t<div class=\"elementor-widget-wrap\">\n\t\t\t\t\t\t\t\t\t<\/div>\n\t\t<\/div>\n\t\t\t\t\t\t\t<\/div>\n\t\t<\/section>\n\t\t\t\t\t<\/div>\n\t\t<\/div>\n\t\t\t\t<div class=\"elementor-column elementor-col-50 elementor-top-column elementor-element elementor-element-7bc97496\" data-id=\"7bc97496\" data-element_type=\"column\">\n\t\t\t<div class=\"elementor-widget-wrap elementor-element-populated\">\n\t\t\t\t\t\t\t\t<div class=\"elementor-element elementor-element-1ca78118 elementor-widget elementor-widget-rs-heading\" data-id=\"1ca78118\" data-element_type=\"widget\" data-widget_type=\"rs-heading.default\">\n\t\t\t\t<div class=\"elementor-widget-container\">\n\t\t\t        <div class=\"rs-heading default  \">\r\n        \t<div class=\"title-inner\">\r\n        \t\t      \t\t\r\n\t            <h2 class=\"title\"><span class=\"watermark\"><\/span>L'EQUIPE DIRIGEANTE<\/h2>\t        <\/div>\r\n\t                    \t<div class=\"description\">\r\n            \t\t<p lang=\"fr-CI\"><span style=\"color: #666666\"><span style=\"font-family: Tw Cen MT\">Assur\u00e9e par de jeunes managers comp\u00e9tents, exp\u00e9riment\u00e9s et ayant \u00e0 sa t\u00eate un Directeur G\u00e9n\u00e9rale, entour\u00e9 de ses consultants experts et collaborateurs directs qui pilotent les Fonctions Technique, Financi\u00e8re et Comptable &amp; Ressources Humaines. Notre Top Management avec une composition h\u00e9t\u00e9rog\u00e8ne dispose d\u2019une exp\u00e9rience significative, av\u00e9r\u00e9e nationale et internationale dans leur domaine respectif et partage une vision bilat\u00e9rale efficiente et directionnel ax\u00e9 sur :<\/span><\/span><\/p>            \t\t\r\n            \t<\/div>\r\n        \t        <\/div>\r\n\r\n        \t\t<\/div>\n\t\t\t\t<\/div>\n\t\t\t\t<div class=\"elementor-element elementor-element-514909f2 elementor-widget elementor-widget-rsfeatureslist\" data-id=\"514909f2\" data-element_type=\"widget\" data-widget_type=\"rsfeatureslist.default\">\n\t\t\t\t<div class=\"elementor-widget-container\">\n\t\t\t \n\n        <div class=\"rs-features-list-content\">        \n\n                                    <ul class=\"rs-features-list\">\n                                                    <li class=\"elementor-repeater-item-7006b61\">\n                                                                    <i class=\"fa fa-check-circle-o\"><\/i>\n                                                                <span class=\"rs-feature-text\">Une Bonne Gouvernance Entreprise (BGE)<\/span>\n                            <\/li>\n                                                    <li class=\"elementor-repeater-item-6a52651\">\n                                                                    <i class=\"fa fa-check-circle-o\"><\/i>\n                                                                <span class=\"rs-feature-text\">Un Management Strat\u00e9gique et Participatif (MSP)<\/span>\n                            <\/li>\n                                                    <li class=\"elementor-repeater-item-d5b5c53\">\n                                                                    <i class=\"fa fa-check-circle-o\"><\/i>\n                                                                <span class=\"rs-feature-text\">Un Management Inclusive et Objectif (MOI)<\/span>\n                            <\/li>\n                                            <\/ul>\n                            \n        <\/div>\n        \t\t<\/div>\n\t\t\t\t<\/div>\n\t\t\t\t\t<\/div>\n\t\t<\/div>\n\t\t\t\t\t\t\t<\/div>\n\t\t<\/section>\n\t\t\t\t<section class=\"elementor-section elementor-top-section elementor-element elementor-element-9a7ffad elementor-section-boxed elementor-section-height-default elementor-section-height-default\" data-id=\"9a7ffad\" data-element_type=\"section\">\n\t\t\t\t\t\t<div class=\"elementor-container elementor-column-gap-default\">\n\t\t\t\t\t<div class=\"elementor-column elementor-col-50 elementor-top-column elementor-element elementor-element-4f2bd83\" data-id=\"4f2bd83\" data-element_type=\"column\">\n\t\t\t<div class=\"elementor-widget-wrap elementor-element-populated\">\n\t\t\t\t\t\t\t\t<div class=\"elementor-element elementor-element-ecb4484 elementor-widget elementor-widget-heading\" data-id=\"ecb4484\" data-element_type=\"widget\" data-widget_type=\"heading.default\">\n\t\t\t\t<div class=\"elementor-widget-container\">\n\t\t\t<h3 class=\"elementor-heading-title elementor-size-default\">Une Bonne Gouvernance Entreprise (BGE)<\/h3>\t\t<\/div>\n\t\t\t\t<\/div>\n\t\t\t\t<div class=\"elementor-element elementor-element-de57d45 elementor-widget elementor-widget-text-editor\" data-id=\"de57d45\" data-element_type=\"widget\" data-widget_type=\"text-editor.default\">\n\t\t\t\t<div class=\"elementor-widget-container\">\n\t\t\t\t\t\t\t\t<p align=\"justify\"><span style=\"color: #666666;\"><span lang=\"fr-CI\">La \u00ab\u00a0Corporate Governance\u00a0\u00bb d\u2019HAMAARYS s\u2019inscrit dans une d\u00e9marche de m\u00e9canisme organisationnel et de march\u00e9 pour mesurer, contr\u00f4ler et \u00e9valuer l\u2019exercice de la Direction G\u00e9n\u00e9rale, aussi bien en termes de performances \u00e9conomiques que de responsabilit\u00e9 sociale et soci\u00e9tale. Ces principaux \u00e9l\u00e9ments majeurs sont examin\u00e9s minutieusement \u00e0 travers la qualit\u00e9 de la participation de tous agents d\u2019HAMAARYS dans la transparence et la cr\u00e9dibilit\u00e9, du respect des droits de l\u2019homme, du contrat de travail, conjugu\u00e9s vers un consensus multilat\u00e9ral responsable et \u00e0 la vision strat\u00e9gique.<\/span><\/span><\/p>\t\t\t\t\t\t<\/div>\n\t\t\t\t<\/div>\n\t\t\t\t<div class=\"elementor-element elementor-element-a3f07f2 elementor-widget elementor-widget-heading\" data-id=\"a3f07f2\" data-element_type=\"widget\" data-widget_type=\"heading.default\">\n\t\t\t\t<div class=\"elementor-widget-container\">\n\t\t\t<h3 class=\"elementor-heading-title elementor-size-default\">Un Management Strat\u00e9gique et Participatif (MSP)<\/h3>\t\t<\/div>\n\t\t\t\t<\/div>\n\t\t\t\t<div class=\"elementor-element elementor-element-d802fd8 elementor-widget elementor-widget-text-editor\" data-id=\"d802fd8\" data-element_type=\"widget\" data-widget_type=\"text-editor.default\">\n\t\t\t\t<div class=\"elementor-widget-container\">\n\t\t\t\t\t\t\t\t<p align=\"justify\"><span style=\"color: #666666;\"><span lang=\"fr-CI\">S\u2019appuyant sur notre Management Op\u00e9rationnel (MO), le MSP d\u2019HAMAARYS constitue le couple des d\u00e9cisions qui rel\u00e8vent de la direction de l\u2019entreprise et qui ambitionne la d\u00e9finition strat\u00e9gique de l\u2019entreprise. Ces d\u00e9cisions strat\u00e9giques ont un impact majeur \u00e0 court, <\/span><\/span><span style=\"color: #666666;\"><span lang=\"fr-CI\">moyen, long terme et ont pour principal objectif d\u2019assurer le d\u00e9veloppement, la croissance acc\u00e9l\u00e9r\u00e9e et la p\u00e9rennit\u00e9 de l\u2019entreprise dans nos secteurs d\u2019activit\u00e9s.<\/span><\/span><\/p>\t\t\t\t\t\t<\/div>\n\t\t\t\t<\/div>\n\t\t\t\t<div class=\"elementor-element elementor-element-e4ab979 elementor-widget elementor-widget-heading\" data-id=\"e4ab979\" data-element_type=\"widget\" data-widget_type=\"heading.default\">\n\t\t\t\t<div class=\"elementor-widget-container\">\n\t\t\t<h3 class=\"elementor-heading-title elementor-size-default\">Un Management Inclusif &amp; Objectif (MOI)<\/h3>\t\t<\/div>\n\t\t\t\t<\/div>\n\t\t\t\t<div class=\"elementor-element elementor-element-352f58a elementor-widget elementor-widget-text-editor\" data-id=\"352f58a\" data-element_type=\"widget\" data-widget_type=\"text-editor.default\">\n\t\t\t\t<div class=\"elementor-widget-container\">\n\t\t\t\t\t\t\t\t<p align=\"justify\"><span style=\"color: #666666;\"><span lang=\"fr-CI\">Le Management Inclusive et Objectif (MOI)<\/span><\/span> <span style=\"color: #666666;\"><span lang=\"fr-CI\">d\u2019HAMAARYS est l\u2019un des \u00e9l\u00e9ments cl\u00e9s sur lesquels l\u2019entreprise s\u2019appuie pour ex\u00e9cuter et impl\u00e9menter sa vision d\u2019ici les ann\u00e9es \u00e0 venir. Cette impl\u00e9mentation passe par la<\/span><\/span> <span style=\"color: #666666;\"><span lang=\"fr-CI\">fixation, la n\u00e9gociation, la surveillance et l\u2019appr\u00e9ciation des r\u00e9sultats en mesurant de mani\u00e8re impartiale, cr\u00e9dible, \u00e9quitable et en toute transparence les performances des Agents, le potentiel et les comp\u00e9tences du personnel en s\u2019appuyant \u00e9galement sur les \u00e9l\u00e9ments les plus objectifs possibles pour mener une politique de m\u00e9rite.<\/span><\/span><\/p>\t\t\t\t\t\t<\/div>\n\t\t\t\t<\/div>\n\t\t\t\t\t<\/div>\n\t\t<\/div>\n\t\t\t\t<div class=\"elementor-column elementor-col-50 elementor-top-column elementor-element elementor-element-01d2fc1\" data-id=\"01d2fc1\" data-element_type=\"column\">\n\t\t\t<div class=\"elementor-widget-wrap elementor-element-populated\">\n\t\t\t\t\t\t\t\t<div class=\"elementor-element elementor-element-d372ea4 elementor-widget elementor-widget-rs-image-hover\" data-id=\"d372ea4\" data-element_type=\"widget\" data-widget_type=\"rs-image-hover.default\">\n\t\t\t\t<div class=\"elementor-widget-container\">\n\t\t\t\t\t<div class=\"elementor-image\">\n\t\t\t<div class=\"image titlt\" data-tilt data-tilt-max=\"3\">\n\t\t\t\n\t\t\t\t\t\t\t\t\t<img loading=\"lazy\" decoding=\"async\" width=\"600\" height=\"400\" src=\"https:\/\/hamaarys.net\/wp-content\/uploads\/2020\/11\/mid-5.jpg\" class=\"attachment-large size-large\" alt=\"\" srcset=\"https:\/\/hamaarys.net\/wp-content\/uploads\/2020\/11\/mid-5.jpg 600w, https:\/\/hamaarys.net\/wp-content\/uploads\/2020\/11\/mid-5-300x200.jpg 300w, https:\/\/hamaarys.net\/wp-content\/uploads\/2020\/11\/mid-5-365x243.jpg 365w\" sizes=\"auto, (max-width: 600px) 100vw, 600px\" \/>\t\t\t\t\t\t\t\t\t\t\t\t\n\t\t\t<\/div>\n\t\t<\/div>\n\t\t\t\t<\/div>\n\t\t\t\t<\/div>\n\t\t\t\t<div class=\"elementor-element elementor-element-2b62278 elementor-widget elementor-widget-rs-image\" data-id=\"2b62278\" data-element_type=\"widget\" data-widget_type=\"rs-image.default\">\n\t\t\t\t<div class=\"elementor-widget-container\">\n\t\t\t\n        <div class=\"rs-image no\">\n                            <img decoding=\"async\" class=\"rs-multi-image \" src=\"https:\/\/hamaarys.net\/wp-content\/uploads\/2020\/10\/law_3-3.jpg\" alt=\"image\"\/>\n                    <\/div>\n\n\n              \n    \t\t<\/div>\n\t\t\t\t<\/div>\n\t\t\t\t\t<\/div>\n\t\t<\/div>\n\t\t\t\t\t\t\t<\/div>\n\t\t<\/section>\n\t\t\t\t\t\t<\/div>\n\t\t\t\t\t<\/div>\n\t\t","protected":false},"excerpt":{"rendered":"<p>GENERAL MANAGER L&#8217;EQUIPE DIRIGEANTE Assur\u00e9e par de jeunes managers comp\u00e9tents, exp\u00e9riment\u00e9s et ayant \u00e0 sa t\u00eate un Directeur G\u00e9n\u00e9rale, entour\u00e9 de ses consultants experts et collaborateurs directs qui pilotent les Fonctions Technique, Financi\u00e8re et Comptable &amp; Ressources Humaines. Notre Top Management avec une composition h\u00e9t\u00e9rog\u00e8ne dispose d\u2019une exp\u00e9rience significative, av\u00e9r\u00e9e nationale et internationale dans leur&#8230;<\/p>\n","protected":false},"author":1,"featured_media":0,"parent":0,"menu_order":0,"comment_status":"closed","ping_status":"closed","template":"","meta":{"footnotes":""},"class_list":["post-14021","page","type-page","status-publish","hentry"],"_links":{"self":[{"href":"https:\/\/hamaarys.net\/index.php\/wp-json\/wp\/v2\/pages\/14021","targetHints":{"allow":["GET"]}}],"collection":[{"href":"https:\/\/hamaarys.net\/index.php\/wp-json\/wp\/v2\/pages"}],"about":[{"href":"https:\/\/hamaarys.net\/index.php\/wp-json\/wp\/v2\/types\/page"}],"author":[{"embeddable":true,"href":"https:\/\/hamaarys.net\/index.php\/wp-json\/wp\/v2\/users\/1"}],"replies":[{"embeddable":true,"href":"https:\/\/hamaarys.net\/index.php\/wp-json\/wp\/v2\/comments?post=14021"}],"version-history":[{"count":95,"href":"https:\/\/hamaarys.net\/index.php\/wp-json\/wp\/v2\/pages\/14021\/revisions"}],"predecessor-version":[{"id":14985,"href":"https:\/\/hamaarys.net\/index.php\/wp-json\/wp\/v2\/pages\/14021\/revisions\/14985"}],"wp:attachment":[{"href":"https:\/\/hamaarys.net\/index.php\/wp-json\/wp\/v2\/media?parent=14021"}],"curies":[{"name":"wp","href":"https:\/\/api.w.org\/{rel}","templated":true}]}}